{"id":1395,"date":"2014-02-26T14:05:14","date_gmt":"2014-02-26T14:05:14","guid":{"rendered":"http:\/\/www.paideiamusical.com.br\/?page_id=1395"},"modified":"2025-07-09T14:47:09","modified_gmt":"2025-07-09T17:47:09","slug":"calendario","status":"publish","type":"page","link":"https:\/\/www.paideiamusical.com.br\/?page_id=1395","title":{"rendered":"Calend\u00e1rio"},"content":{"rendered":"<section  class='av_textblock_section av-6sfjhf-dc583017e9156154e1faf41687ab2e2d '   itemscope=\"itemscope\" itemtype=\"https:\/\/schema.org\/CreativeWork\" ><div class='avia_textblock'  itemprop=\"text\" ><h1>Nosso calend\u00e1rio<\/h1>\n<p>Fique informado sobre datas importantes e eventos promovidos pela Paideia.<\/p>\n<\/div><\/section>\n<\/div><\/div><\/div><!-- close content main div --><\/div><\/div>\n<style type=\"text\/css\" data-created_by=\"avia_inline_auto\" id=\"style-css-av-5oypsj-af8198cece37ee313e498a3631ff47ba\">\n.avia-section.av-5oypsj-af8198cece37ee313e498a3631ff47ba{\nbackground-color:#000000;\nbackground-image:url(https:\/\/www.paideiamusical.com.br\/wp-content\/uploads\/2014\/02\/calendario-1500x800.jpg);\nbackground-repeat:no-repeat;\nbackground-position:50% 0%;\nbackground-attachment:fixed;\n}\n<\/style>\n<div id='av_section_1'  class='avia-section av-5oypsj-af8198cece37ee313e498a3631ff47ba main_color avia-section-default avia-no-shadow  avia-builder-el-1  el_after_av_textblock  el_before_av_textblock  avia-bg-style-fixed av-minimum-height av-minimum-height-25 av-height-25  container_wrap fullsize'  data-section-bg-repeat='no-repeat' data-av_minimum_height_pc='25' data-av_min_height_opt='25'><div class='container av-section-cont-open' ><div class='template-page content  av-content-full alpha units'><div class='post-entry post-entry-type-page post-entry-1395'><div class='entry-content-wrapper clearfix'><\/div><\/div><\/div><!-- close content main div --><\/div><\/div><div id='after_section_1'  class='main_color av_default_container_wrap container_wrap fullsize'  ><div class='container av-section-cont-open' ><div class='template-page content  av-content-full alpha units'><div class='post-entry post-entry-type-page post-entry-1395'><div class='entry-content-wrapper clearfix'>\n<section  class='av_textblock_section av-m6p7k27x-b2bff4c15bd96401ef80a1c2c71d173c '   itemscope=\"itemscope\" itemtype=\"https:\/\/schema.org\/CreativeWork\" ><div class='avia_textblock'  itemprop=\"text\" ><h2>Calend\u00e1rio Paideia 2025<\/h2>\n<p><strong>Janeiro<\/strong><\/p>\n<p>01 &#8211; Confraterniza\u00e7\u00e3o Universal<\/p>\n<p><strong>Fevereiro\u00a0<\/strong><\/p>\n<p>01 &#8211; In\u00edcio aulas Paideia<\/p>\n<p><strong>Mar\u00e7o<\/strong><\/p>\n<p><span data-tt=\"{\">01 a 04 &#8211; Recesso de Carnaval\u00a0 <\/span><\/p>\n<p><span data-tt=\"{\">05 &#8211; Retorno \u00e0 tarde<\/span><\/p>\n<p><strong>Abril<\/strong><\/p>\n<p>18 &#8211; Sexta-feira Santa<\/p>\n<p><span class=\"holiday_below_text\">20 &#8211; P\u00e1scoa \u00a0\u00a0<\/span><\/p>\n<p><span class=\"holiday_below_text\">21 &#8211; Tiradentes<\/span><\/p>\n<p><strong>Maio<\/strong><\/p>\n<p>1 &#8211; Dia do Trabalhador<\/p>\n<p><strong>Junho\u00a0<\/strong><\/p>\n<p>19 &#8211; Corpus Christi<\/p>\n<p><strong>Julho<br \/>\n<\/strong>21 a 26 &#8211; Recesso<\/p>\n<p><strong>Agosto<br \/>\n<\/strong>23 &#8211; Paideia Apresenta: Gilberto Gil &#8211; Aquele Abra\u00e7o<\/p>\n<p><strong>Setembro<\/strong><\/p>\n<p>7 &#8211; Independ\u00eancia do Brasil<\/p>\n<p><strong>Outubro\u00a0<\/strong><\/p>\n<p><span class=\"holiday_below_text\">12 &#8211; Nossa Senhora Aparecida<\/span><\/p>\n<p><span class=\"holiday_below_text\">15 &#8211; Dia do Professor \u00a0<\/span><\/p>\n<p><strong>Novembro\u00a0<\/strong><\/p>\n<p><span class=\"holiday_below_text\">2 &#8211;\u00a0Finados<\/span><\/p>\n<p><span class=\"holiday_below_text\">15 &#8211; <\/span><span class=\"holiday_below_text\">Proclama\u00e7\u00e3o da Rep\u00fablica<\/span><\/p>\n<p><strong>Dezembro\u00a0<\/strong><\/p>\n<p><span data-tt=\"{\">8 a 12 &#8211; \u00daltima semana de aulas <\/span><\/p>\n<p><span data-tt=\"{\">15 a 19 &#8211; Reposi\u00e7\u00f5es <\/span><\/p>\n<p><span data-tt=\"{\">22 &#8211; F\u00e9rias Paideia<\/span><\/p>\n<p>25 &#8211; Natal<\/p>\n<\/div><\/section>\n","protected":false},"excerpt":{"rendered":"","protected":false},"author":1,"featured_media":0,"parent":0,"menu_order":0,"comment_status":"closed","ping_status":"open","template":"","meta":{"footnotes":""},"class_list":["post-1395","page","type-page","status-publish","hentry"],"_links":{"self":[{"href":"https:\/\/www.paideiamusical.com.br\/index.php?rest_route=\/wp\/v2\/pages\/1395","targetHints":{"allow":["GET"]}}],"collection":[{"href":"https:\/\/www.paideiamusical.com.br\/index.php?rest_route=\/wp\/v2\/pages"}],"about":[{"href":"https:\/\/www.paideiamusical.com.br\/index.php?rest_route=\/wp\/v2\/types\/page"}],"author":[{"embeddable":true,"href":"https:\/\/www.paideiamusical.com.br\/index.php?rest_route=\/wp\/v2\/users\/1"}],"replies":[{"embeddable":true,"href":"https:\/\/www.paideiamusical.com.br\/index.php?rest_route=%2Fwp%2Fv2%2Fcomments&post=1395"}],"version-history":[{"count":36,"href":"https:\/\/www.paideiamusical.com.br\/index.php?rest_route=\/wp\/v2\/pages\/1395\/revisions"}],"predecessor-version":[{"id":13468,"href":"https:\/\/www.paideiamusical.com.br\/index.php?rest_route=\/wp\/v2\/pages\/1395\/revisions\/13468"}],"wp:attachment":[{"href":"https:\/\/www.paideiamusical.com.br\/index.php?rest_route=%2Fwp%2Fv2%2Fmedia&parent=1395"}],"curies":[{"name":"wp","href":"https:\/\/api.w.org\/{rel}","templated":true}]}}