{"id":1400,"date":"2014-02-26T14:06:32","date_gmt":"2014-02-26T14:06:32","guid":{"rendered":"http:\/\/www.paideiamusical.com.br\/?page_id=1400"},"modified":"2014-03-14T18:36:25","modified_gmt":"2014-03-14T18:36:25","slug":"noticias","status":"publish","type":"page","link":"https:\/\/www.paideiamusical.com.br\/?page_id=1400","title":{"rendered":"Not\u00edcias"},"content":{"rendered":"<div  class='av-alb-blogposts template-blog  '  itemscope=\"itemscope\" itemtype=\"https:\/\/schema.org\/Blog\" ><article class=\"post-entry post-entry-type-standard post-entry-13400 post-loop-1 post-parity-odd single-big with-slider post-13400 post type-post status-publish format-standard has-post-thumbnail hentry category-destaque category-eventos category-noticias category-sem-categoria tag-musica-paideiaescolademusica-ritalee-vemfazermusica-venhafazerparte-curitibacult\"  itemscope=\"itemscope\" itemtype=\"https:\/\/schema.org\/BlogPosting\" ><div class=\"big-preview single-big\"  itemprop=\"image\" itemscope=\"itemscope\" itemtype=\"https:\/\/schema.org\/ImageObject\" ><a href=\"https:\/\/www.paideiamusical.com.br\/?p=13400\"  title=\"IMG_4426\" ><img decoding=\"async\" loading=\"lazy\" width=\"1210\" height=\"423\" src=\"https:\/\/www.paideiamusical.com.br\/wp-content\/uploads\/2024\/09\/IMG_4426-1210x423.jpg\" class=\"wp-image-13120 avia-img-lazy-loading-13120 attachment-entry_without_sidebar size-entry_without_sidebar wp-post-image\" alt=\"\" \/><\/a><\/div><div class=\"blog-meta\"><\/div><div class='entry-content-wrapper clearfix standard-content'><header class=\"entry-content-header\" aria-label=\"Post: Paideia apresenta \u201cRita Lee\u201d\"><h2 class='post-title entry-title '  itemprop=\"headline\" ><a href=\"https:\/\/www.paideiamusical.com.br\/?p=13400\" rel=\"bookmark\" title=\"Link permanente: Paideia apresenta \u201cRita Lee\u201d\">Paideia apresenta \u201cRita Lee\u201d<span class=\"post-format-icon minor-meta\"><\/span><\/a><\/h2><span class=\"post-meta-infos\"><time class=\"date-container minor-meta updated\"  itemprop=\"datePublished\" datetime=\"2024-09-08T17:35:14-03:00\" >8 de setembro de 2024<\/time><span class=\"text-sep\">\/<\/span><span class=\"blog-categories minor-meta\">em <a href=\"https:\/\/www.paideiamusical.com.br\/?cat=44\" rel=\"tag\">Destaque<\/a>, <a href=\"https:\/\/www.paideiamusical.com.br\/?cat=47\" rel=\"tag\">Eventos<\/a>, <a href=\"https:\/\/www.paideiamusical.com.br\/?cat=35\" rel=\"tag\">Not\u00edcias<\/a>, <a href=\"https:\/\/www.paideiamusical.com.br\/?cat=1\" rel=\"tag\">Sem categoria<\/a><\/span><span class=\"text-sep\">\/<\/span><span class=\"blog-author minor-meta\">por <span class=\"entry-author-link\"  itemprop=\"author\" ><span class=\"author\"><span class=\"fn\"><a href=\"https:\/\/www.paideiamusical.com.br\/?author=2\" title=\"Posts de Paideia\" rel=\"author\">Paideia<\/a><\/span><\/span><\/span><\/span><\/span><\/header><div class=\"entry-content\"  itemprop=\"text\" ><p>Em setembro, o rock invadiu o Teatro Regina Vogue com o show \u201cRita Lee\u201d! Entre figurinos coloridos, bandas animadas, vozes potentes e uma plateia sem igual, o show reuniu estudantes, professores e toda a equipe da Paideia Escola de M\u00fasica e Produ\u00e7\u00f5es Art\u00edsticas, ao lado do Est\u00fadio Trilhas Urbanas e com a parceria da Anima [&hellip;]<\/p>\n<div class=\"read-more-link\"><a href=\"https:\/\/www.paideiamusical.com.br\/?p=13400\" class=\"more-link\">Leia mais<span class=\"more-link-arrow\"><\/span><\/a><\/div>\n<\/div><footer class=\"entry-footer\"><\/footer><div class='post_delimiter'><\/div><\/div><div class=\"post_author_timeline\"><\/div><span class='hidden'>\n\t\t\t\t<span class='av-structured-data'  itemprop=\"image\" itemscope=\"itemscope\" itemtype=\"https:\/\/schema.org\/ImageObject\" >\n\t\t\t\t\t\t<span itemprop='url'>https:\/\/www.paideiamusical.com.br\/wp-content\/uploads\/2024\/09\/IMG_4426.jpg<\/span>\n\t\t\t\t\t\t<span itemprop='height'>1365<\/span>\n\t\t\t\t\t\t<span itemprop='width'>2048<\/span>\n\t\t\t\t<\/span>\n\t\t\t\t<span class='av-structured-data'  itemprop=\"publisher\" itemtype=\"https:\/\/schema.org\/Organization\" itemscope=\"itemscope\" >\n\t\t\t\t\t\t<span itemprop='name'>Paideia<\/span>\n\t\t\t\t\t\t<span itemprop='logo' itemscope itemtype='https:\/\/schema.org\/ImageObject'>\n\t\t\t\t\t\t\t<span itemprop='url'>http:\/\/www.paideiamusical.com.br\/wp-content\/uploads\/2020\/05\/logo_header_paideia.png<\/span>\n\t\t\t\t\t\t<\/span>\n\t\t\t\t<\/span><span class='av-structured-data'  itemprop=\"author\" itemscope=\"itemscope\" itemtype=\"https:\/\/schema.org\/Person\" ><span itemprop='name'>Paideia<\/span><\/span><span class='av-structured-data'  itemprop=\"datePublished\" datetime=\"2024-09-08T17:35:14-03:00\" >2024-09-08 17:35:14<\/span><span class='av-structured-data'  itemprop=\"dateModified\" itemtype=\"https:\/\/schema.org\/dateModified\" >2024-09-15 18:04:56<\/span><span class='av-structured-data'  itemprop=\"mainEntityOfPage\" itemtype=\"https:\/\/schema.org\/mainEntityOfPage\" ><span itemprop='name'>Paideia apresenta \u201cRita Lee\u201d<\/span><\/span><\/span><\/article><article class=\"post-entry post-entry-type-standard post-entry-12020 post-loop-2 post-parity-even single-big with-slider post-12020 post type-post status-publish format-standard has-post-thumbnail hentry category-evento category-noticias tag-paideiaescolademusica-showritalee-teatroreginavogue-rockbr-showcuritiba-curitibacultural-rockerita-curitibacool\"  itemscope=\"itemscope\" itemtype=\"https:\/\/schema.org\/BlogPosting\" ><div class=\"big-preview single-big\"  itemprop=\"image\" itemscope=\"itemscope\" itemtype=\"https:\/\/schema.org\/ImageObject\" ><a href=\"https:\/\/www.paideiamusical.com.br\/?p=12020\"  title=\"Rita Lee 1170 x 430 - Imagem do Evento (Disk Ingressos)\" ><img decoding=\"async\" loading=\"lazy\" width=\"1210\" height=\"423\" src=\"https:\/\/www.paideiamusical.com.br\/wp-content\/uploads\/2024\/08\/Rita-Lee-1170-x-430-Imagem-do-Evento-Disk-Ingressos-1210x423.png\" class=\"wp-image-12023 avia-img-lazy-loading-12023 attachment-entry_without_sidebar size-entry_without_sidebar wp-post-image\" alt=\"\" \/><\/a><\/div><div class=\"blog-meta\"><\/div><div class='entry-content-wrapper clearfix standard-content'><header class=\"entry-content-header\" aria-label=\"Post: Paideia toca RITA LEE!\"><h2 class='post-title entry-title '  itemprop=\"headline\" ><a href=\"https:\/\/www.paideiamusical.com.br\/?p=12020\" rel=\"bookmark\" title=\"Link permanente: Paideia toca RITA LEE!\">Paideia toca RITA LEE!<span class=\"post-format-icon minor-meta\"><\/span><\/a><\/h2><span class=\"post-meta-infos\"><time class=\"date-container minor-meta updated\"  itemprop=\"datePublished\" datetime=\"2024-08-23T15:14:59-03:00\" >23 de agosto de 2024<\/time><span class=\"text-sep\">\/<\/span><span class=\"blog-categories minor-meta\">em <a href=\"https:\/\/www.paideiamusical.com.br\/?cat=12\" rel=\"tag\">Evento<\/a>, <a href=\"https:\/\/www.paideiamusical.com.br\/?cat=35\" rel=\"tag\">Not\u00edcias<\/a><\/span><span class=\"text-sep\">\/<\/span><span class=\"blog-author minor-meta\">por <span class=\"entry-author-link\"  itemprop=\"author\" ><span class=\"author\"><span class=\"fn\"><a href=\"https:\/\/www.paideiamusical.com.br\/?author=2\" title=\"Posts de Paideia\" rel=\"author\">Paideia<\/a><\/span><\/span><\/span><\/span><\/span><\/header><div class=\"entry-content\"  itemprop=\"text\" ><p>\ud83c\udfb8 A energia do rock vive para sempre! Os cabelos vermelhos, os \u00f3culos ic\u00f4nicos e a alma rebelde da rainha do rock est\u00e3o muito vivos! Em uma homenagem vibrante \u00e0 lenda do rock brasileiro, a Paideia Escola de M\u00fasica tem o prazer de apresentar \u201cRita Lee\u201d, show tem\u00e1tico que re\u00fane talentos dos nossos alunos, professores [&hellip;]<\/p>\n<div class=\"read-more-link\"><a href=\"https:\/\/www.paideiamusical.com.br\/?p=12020\" class=\"more-link\">Leia mais<span class=\"more-link-arrow\"><\/span><\/a><\/div>\n<\/div><footer class=\"entry-footer\"><\/footer><div class='post_delimiter'><\/div><\/div><div class=\"post_author_timeline\"><\/div><span class='hidden'>\n\t\t\t\t<span class='av-structured-data'  itemprop=\"image\" itemscope=\"itemscope\" itemtype=\"https:\/\/schema.org\/ImageObject\" >\n\t\t\t\t\t\t<span itemprop='url'>https:\/\/www.paideiamusical.com.br\/wp-content\/uploads\/2024\/08\/Rita-Lee-1170-x-430-Imagem-do-Evento-Disk-Ingressos.png<\/span>\n\t\t\t\t\t\t<span itemprop='height'>1344<\/span>\n\t\t\t\t\t\t<span itemprop='width'>3657<\/span>\n\t\t\t\t<\/span>\n\t\t\t\t<span class='av-structured-data'  itemprop=\"publisher\" itemtype=\"https:\/\/schema.org\/Organization\" itemscope=\"itemscope\" >\n\t\t\t\t\t\t<span itemprop='name'>Paideia<\/span>\n\t\t\t\t\t\t<span itemprop='logo' itemscope itemtype='https:\/\/schema.org\/ImageObject'>\n\t\t\t\t\t\t\t<span itemprop='url'>http:\/\/www.paideiamusical.com.br\/wp-content\/uploads\/2020\/05\/logo_header_paideia.png<\/span>\n\t\t\t\t\t\t<\/span>\n\t\t\t\t<\/span><span class='av-structured-data'  itemprop=\"author\" itemscope=\"itemscope\" itemtype=\"https:\/\/schema.org\/Person\" ><span itemprop='name'>Paideia<\/span><\/span><span class='av-structured-data'  itemprop=\"datePublished\" datetime=\"2024-08-23T15:14:59-03:00\" >2024-08-23 15:14:59<\/span><span class='av-structured-data'  itemprop=\"dateModified\" itemtype=\"https:\/\/schema.org\/dateModified\" >2024-08-23 15:17:52<\/span><span class='av-structured-data'  itemprop=\"mainEntityOfPage\" itemtype=\"https:\/\/schema.org\/mainEntityOfPage\" ><span itemprop='name'>Paideia toca RITA LEE!<\/span><\/span><\/span><\/article><article class=\"post-entry post-entry-type-standard post-entry-11905 post-loop-3 post-parity-odd single-big with-slider post-11905 post type-post status-publish format-standard has-post-thumbnail hentry category-eventos category-noticias tag-colegiosion tag-paideiaescolademusica tag-parcerias tag-sunsetsession\"  itemscope=\"itemscope\" itemtype=\"https:\/\/schema.org\/BlogPosting\" ><div class=\"big-preview single-big\"  itemprop=\"image\" itemscope=\"itemscope\" itemtype=\"https:\/\/schema.org\/ImageObject\" ><a href=\"https:\/\/www.paideiamusical.com.br\/?p=11905\"  title=\"Captura-de-tela-2024-07-09-221559\" ><img decoding=\"async\" loading=\"lazy\" width=\"723\" height=\"423\" src=\"https:\/\/www.paideiamusical.com.br\/wp-content\/uploads\/2024\/07\/Captura-de-tela-2024-07-09-221559-723x423.png\" class=\"wp-image-11909 avia-img-lazy-loading-11909 attachment-entry_without_sidebar size-entry_without_sidebar wp-post-image\" alt=\"\" \/><\/a><\/div><div class=\"blog-meta\"><\/div><div class='entry-content-wrapper clearfix standard-content'><header class=\"entry-content-header\" aria-label=\"Post: Sunset Session: Uma parceria Paideia e Sion\"><h2 class='post-title entry-title '  itemprop=\"headline\" ><a href=\"https:\/\/www.paideiamusical.com.br\/?p=11905\" rel=\"bookmark\" title=\"Link permanente: Sunset Session: Uma parceria Paideia e Sion\">Sunset Session: Uma parceria Paideia e Sion<span class=\"post-format-icon minor-meta\"><\/span><\/a><\/h2><span class=\"post-meta-infos\"><time class=\"date-container minor-meta updated\"  itemprop=\"datePublished\" datetime=\"2024-07-09T23:40:35-03:00\" >9 de julho de 2024<\/time><span class=\"text-sep\">\/<\/span><span class=\"blog-categories minor-meta\">em <a href=\"https:\/\/www.paideiamusical.com.br\/?cat=47\" rel=\"tag\">Eventos<\/a>, <a href=\"https:\/\/www.paideiamusical.com.br\/?cat=35\" rel=\"tag\">Not\u00edcias<\/a><\/span><span class=\"text-sep\">\/<\/span><span class=\"blog-author minor-meta\">por <span class=\"entry-author-link\"  itemprop=\"author\" ><span class=\"author\"><span class=\"fn\"><a href=\"https:\/\/www.paideiamusical.com.br\/?author=2\" title=\"Posts de Paideia\" rel=\"author\">Paideia<\/a><\/span><\/span><\/span><\/span><\/span><\/header><div class=\"entry-content\"  itemprop=\"text\" ><p>Dia seis de julho aconteceu, em parceria com o Col\u00e9gio Sion, o Sunset Session. Com dire\u00e7\u00e3o musical do Prof. M\u00e1rcio Saugo e assist\u00eancia de dire\u00e7\u00e3o do Prof. Jo\u00e3o Almeida, diversos alunos do col\u00e9gio mostraram seu talento na Paideia Escola de M\u00fasica, apresentando can\u00e7\u00f5es como os cl\u00e1ssicos &#8220;Another One Bites the Dust&#8221;, da banda Queen, &#8220;Twist [&hellip;]<\/p>\n<div class=\"read-more-link\"><a href=\"https:\/\/www.paideiamusical.com.br\/?p=11905\" class=\"more-link\">Leia mais<span class=\"more-link-arrow\"><\/span><\/a><\/div>\n<\/div><footer class=\"entry-footer\"><\/footer><div class='post_delimiter'><\/div><\/div><div class=\"post_author_timeline\"><\/div><span class='hidden'>\n\t\t\t\t<span class='av-structured-data'  itemprop=\"image\" itemscope=\"itemscope\" itemtype=\"https:\/\/schema.org\/ImageObject\" >\n\t\t\t\t\t\t<span itemprop='url'>https:\/\/www.paideiamusical.com.br\/wp-content\/uploads\/2024\/07\/Captura-de-tela-2024-07-09-221559.png<\/span>\n\t\t\t\t\t\t<span itemprop='height'>541<\/span>\n\t\t\t\t\t\t<span itemprop='width'>723<\/span>\n\t\t\t\t<\/span>\n\t\t\t\t<span class='av-structured-data'  itemprop=\"publisher\" itemtype=\"https:\/\/schema.org\/Organization\" itemscope=\"itemscope\" >\n\t\t\t\t\t\t<span itemprop='name'>Paideia<\/span>\n\t\t\t\t\t\t<span itemprop='logo' itemscope itemtype='https:\/\/schema.org\/ImageObject'>\n\t\t\t\t\t\t\t<span itemprop='url'>http:\/\/www.paideiamusical.com.br\/wp-content\/uploads\/2020\/05\/logo_header_paideia.png<\/span>\n\t\t\t\t\t\t<\/span>\n\t\t\t\t<\/span><span class='av-structured-data'  itemprop=\"author\" itemscope=\"itemscope\" itemtype=\"https:\/\/schema.org\/Person\" ><span itemprop='name'>Paideia<\/span><\/span><span class='av-structured-data'  itemprop=\"datePublished\" datetime=\"2024-07-09T23:40:35-03:00\" >2024-07-09 23:40:35<\/span><span class='av-structured-data'  itemprop=\"dateModified\" itemtype=\"https:\/\/schema.org\/dateModified\" >2024-07-09 23:46:17<\/span><span class='av-structured-data'  itemprop=\"mainEntityOfPage\" itemtype=\"https:\/\/schema.org\/mainEntityOfPage\" ><span itemprop='name'>Sunset Session: Uma parceria Paideia e Sion<\/span><\/span><\/span><\/article><article class=\"post-entry post-entry-type-standard post-entry-11892 post-loop-4 post-parity-even single-big with-slider post-11892 post type-post status-publish format-standard has-post-thumbnail hentry category-eventos category-noticias tag-colegiosion tag-festivaldebandas tag-jovenstalentos tag-paideiaescolademusica\"  itemscope=\"itemscope\" itemtype=\"https:\/\/schema.org\/BlogPosting\" ><div class=\"big-preview single-big\"  itemprop=\"image\" itemscope=\"itemscope\" itemtype=\"https:\/\/schema.org\/ImageObject\" ><a href=\"https:\/\/www.paideiamusical.com.br\/?p=11892\"  title=\"PHOTO-2024-07-09-23-13-34-3\" ><img decoding=\"async\" loading=\"lazy\" width=\"1210\" height=\"423\" src=\"https:\/\/www.paideiamusical.com.br\/wp-content\/uploads\/2024\/07\/PHOTO-2024-07-09-23-13-34-3-1210x423.jpg\" class=\"wp-image-11974 avia-img-lazy-loading-11974 attachment-entry_without_sidebar size-entry_without_sidebar wp-post-image\" alt=\"\" \/><\/a><\/div><div class=\"blog-meta\"><\/div><div class='entry-content-wrapper clearfix standard-content'><header class=\"entry-content-header\" aria-label=\"Post: Festival de Bandas\"><h2 class='post-title entry-title '  itemprop=\"headline\" ><a href=\"https:\/\/www.paideiamusical.com.br\/?p=11892\" rel=\"bookmark\" title=\"Link permanente: Festival de Bandas\">Festival de Bandas<span class=\"post-format-icon minor-meta\"><\/span><\/a><\/h2><span class=\"post-meta-infos\"><time class=\"date-container minor-meta updated\"  itemprop=\"datePublished\" datetime=\"2024-07-09T23:38:43-03:00\" >9 de julho de 2024<\/time><span class=\"text-sep\">\/<\/span><span class=\"blog-categories minor-meta\">em <a href=\"https:\/\/www.paideiamusical.com.br\/?cat=47\" rel=\"tag\">Eventos<\/a>, <a href=\"https:\/\/www.paideiamusical.com.br\/?cat=35\" rel=\"tag\">Not\u00edcias<\/a><\/span><span class=\"text-sep\">\/<\/span><span class=\"blog-author minor-meta\">por <span class=\"entry-author-link\"  itemprop=\"author\" ><span class=\"author\"><span class=\"fn\"><a href=\"https:\/\/www.paideiamusical.com.br\/?author=2\" title=\"Posts de Paideia\" rel=\"author\">Paideia<\/a><\/span><\/span><\/span><\/span><\/span><\/header><div class=\"entry-content\"  itemprop=\"text\" ><p>Dia dois de julho aconteceu o Festival de Bandas, no Col\u00e9gio Sion, onde alunos deram um show para seus colegas, com o apoio do Prof. M\u00e1rcio Saugo, e do Prof. Jo\u00e3o Almeida. Sempre juntos, a Paideia e o Sion, proporcionam momentos marcantes na vida dos alunos, apoiando sempre a fazer m\u00fasica, e tornar-se plural! Confira [&hellip;]<\/p>\n<div class=\"read-more-link\"><a href=\"https:\/\/www.paideiamusical.com.br\/?p=11892\" class=\"more-link\">Leia mais<span class=\"more-link-arrow\"><\/span><\/a><\/div>\n<\/div><footer class=\"entry-footer\"><\/footer><div class='post_delimiter'><\/div><\/div><div class=\"post_author_timeline\"><\/div><span class='hidden'>\n\t\t\t\t<span class='av-structured-data'  itemprop=\"image\" itemscope=\"itemscope\" itemtype=\"https:\/\/schema.org\/ImageObject\" >\n\t\t\t\t\t\t<span itemprop='url'>https:\/\/www.paideiamusical.com.br\/wp-content\/uploads\/2024\/07\/PHOTO-2024-07-09-23-13-34-3.jpg<\/span>\n\t\t\t\t\t\t<span itemprop='height'>853<\/span>\n\t\t\t\t\t\t<span itemprop='width'>1280<\/span>\n\t\t\t\t<\/span>\n\t\t\t\t<span class='av-structured-data'  itemprop=\"publisher\" itemtype=\"https:\/\/schema.org\/Organization\" itemscope=\"itemscope\" >\n\t\t\t\t\t\t<span itemprop='name'>Paideia<\/span>\n\t\t\t\t\t\t<span itemprop='logo' itemscope itemtype='https:\/\/schema.org\/ImageObject'>\n\t\t\t\t\t\t\t<span itemprop='url'>http:\/\/www.paideiamusical.com.br\/wp-content\/uploads\/2020\/05\/logo_header_paideia.png<\/span>\n\t\t\t\t\t\t<\/span>\n\t\t\t\t<\/span><span class='av-structured-data'  itemprop=\"author\" itemscope=\"itemscope\" itemtype=\"https:\/\/schema.org\/Person\" ><span itemprop='name'>Paideia<\/span><\/span><span class='av-structured-data'  itemprop=\"datePublished\" datetime=\"2024-07-09T23:38:43-03:00\" >2024-07-09 23:38:43<\/span><span class='av-structured-data'  itemprop=\"dateModified\" itemtype=\"https:\/\/schema.org\/dateModified\" >2024-07-26 04:58:34<\/span><span class='av-structured-data'  itemprop=\"mainEntityOfPage\" itemtype=\"https:\/\/schema.org\/mainEntityOfPage\" ><span itemprop='name'>Festival de Bandas<\/span><\/span><\/span><\/article><article class=\"post-entry post-entry-type-standard post-entry-11882 post-loop-5 post-parity-odd post-entry-last single-big with-slider post-11882 post type-post status-publish format-standard has-post-thumbnail hentry category-noticias tag-semanadecantocoral-oficinademusicadecuritiba-paideiaescolademusica-cantocoral\"  itemscope=\"itemscope\" itemtype=\"https:\/\/schema.org\/BlogPosting\" ><div class=\"big-preview single-big\"  itemprop=\"image\" itemscope=\"itemscope\" itemtype=\"https:\/\/schema.org\/ImageObject\" ><a href=\"https:\/\/www.paideiamusical.com.br\/?p=11882\"  title=\"Imagem-do-WhatsApp-de-2024-07-09-\u00e0s-19.34.52_89d372cd\" ><img decoding=\"async\" loading=\"lazy\" width=\"1210\" height=\"423\" src=\"https:\/\/www.paideiamusical.com.br\/wp-content\/uploads\/2024\/07\/Imagem-do-WhatsApp-de-2024-07-09-\u00e0s-19.34.52_89d372cd-1210x423.jpg\" class=\"wp-image-11884 avia-img-lazy-loading-11884 attachment-entry_without_sidebar size-entry_without_sidebar wp-post-image\" alt=\"\" \/><\/a><\/div><div class=\"blog-meta\"><\/div><div class='entry-content-wrapper clearfix standard-content'><header class=\"entry-content-header\" aria-label=\"Post: IX Semana de Canto Coral Henrique de Curitiba\"><h2 class='post-title entry-title '  itemprop=\"headline\" ><a href=\"https:\/\/www.paideiamusical.com.br\/?p=11882\" rel=\"bookmark\" title=\"Link permanente: IX Semana de Canto Coral Henrique de Curitiba\">IX Semana de Canto Coral Henrique de Curitiba<span class=\"post-format-icon minor-meta\"><\/span><\/a><\/h2><span class=\"post-meta-infos\"><time class=\"date-container minor-meta updated\"  itemprop=\"datePublished\" datetime=\"2024-07-09T19:43:38-03:00\" >9 de julho de 2024<\/time><span class=\"text-sep\">\/<\/span><span class=\"blog-categories minor-meta\">em <a href=\"https:\/\/www.paideiamusical.com.br\/?cat=35\" rel=\"tag\">Not\u00edcias<\/a><\/span><span class=\"text-sep\">\/<\/span><span class=\"blog-author minor-meta\">por <span class=\"entry-author-link\"  itemprop=\"author\" ><span class=\"author\"><span class=\"fn\"><a href=\"https:\/\/www.paideiamusical.com.br\/?author=2\" title=\"Posts de Paideia\" rel=\"author\">Paideia<\/a><\/span><\/span><\/span><\/span><\/span><\/header><div class=\"entry-content\"  itemprop=\"text\" ><p>Entre 27 de junho e 2 de julho, a cidade de Curitiba foi palco da IX Semana de Canto Coral Henrique de Curitiba, um evento marcante que celebrou importantes marcos culturais e educacionais. O Madrigal Vocale teve destaque ao abrir e encerrar as atividades, junto com a Camerata Antiqua de Curitiba, proporcionando performances memor\u00e1veis. O [&hellip;]<\/p>\n<div class=\"read-more-link\"><a href=\"https:\/\/www.paideiamusical.com.br\/?p=11882\" class=\"more-link\">Leia mais<span class=\"more-link-arrow\"><\/span><\/a><\/div>\n<\/div><footer class=\"entry-footer\"><\/footer><div class='post_delimiter'><\/div><\/div><div class=\"post_author_timeline\"><\/div><span class='hidden'>\n\t\t\t\t<span class='av-structured-data'  itemprop=\"image\" itemscope=\"itemscope\" itemtype=\"https:\/\/schema.org\/ImageObject\" >\n\t\t\t\t\t\t<span itemprop='url'>https:\/\/www.paideiamusical.com.br\/wp-content\/uploads\/2024\/07\/Imagem-do-WhatsApp-de-2024-07-09-\u00e0s-19.34.52_89d372cd.jpg<\/span>\n\t\t\t\t\t\t<span itemprop='height'>1215<\/span>\n\t\t\t\t\t\t<span itemprop='width'>1242<\/span>\n\t\t\t\t<\/span>\n\t\t\t\t<span class='av-structured-data'  itemprop=\"publisher\" itemtype=\"https:\/\/schema.org\/Organization\" itemscope=\"itemscope\" >\n\t\t\t\t\t\t<span itemprop='name'>Paideia<\/span>\n\t\t\t\t\t\t<span itemprop='logo' itemscope itemtype='https:\/\/schema.org\/ImageObject'>\n\t\t\t\t\t\t\t<span itemprop='url'>http:\/\/www.paideiamusical.com.br\/wp-content\/uploads\/2020\/05\/logo_header_paideia.png<\/span>\n\t\t\t\t\t\t<\/span>\n\t\t\t\t<\/span><span class='av-structured-data'  itemprop=\"author\" itemscope=\"itemscope\" itemtype=\"https:\/\/schema.org\/Person\" ><span itemprop='name'>Paideia<\/span><\/span><span class='av-structured-data'  itemprop=\"datePublished\" datetime=\"2024-07-09T19:43:38-03:00\" >2024-07-09 19:43:38<\/span><span class='av-structured-data'  itemprop=\"dateModified\" itemtype=\"https:\/\/schema.org\/dateModified\" >2024-07-09 19:58:36<\/span><span class='av-structured-data'  itemprop=\"mainEntityOfPage\" itemtype=\"https:\/\/schema.org\/mainEntityOfPage\" ><span itemprop='name'>IX Semana de Canto Coral Henrique de Curitiba<\/span><\/span><\/span><\/article><div class='single-big'><nav class='pagination'><span class='pagination-meta'>P\u00e1gina 1 de 17<\/span><span class='current'>1<\/span><a href='https:\/\/www.paideiamusical.com.br\/index.php?rest_route=%2Fwp%2Fv2%2Fpages%2F1400&#038;paged=2' class='inactive next_page' >2<\/a><a href='https:\/\/www.paideiamusical.com.br\/index.php?rest_route=%2Fwp%2Fv2%2Fpages%2F1400&#038;paged=3' class='inactive' >3<\/a><a href='https:\/\/www.paideiamusical.com.br\/index.php?rest_route=%2Fwp%2Fv2%2Fpages%2F1400&#038;paged=2'>&rsaquo;<\/a><a href='https:\/\/www.paideiamusical.com.br\/index.php?rest_route=%2Fwp%2Fv2%2Fpages%2F1400&#038;paged=17'>&raquo;<\/a><\/nav>\n<\/div><\/div>\n","protected":false},"excerpt":{"rendered":"","protected":false},"author":1,"featured_media":0,"parent":0,"menu_order":0,"comment_status":"closed","ping_status":"open","template":"","meta":{"footnotes":""},"class_list":["post-1400","page","type-page","status-publish","hentry"],"_links":{"self":[{"href":"https:\/\/www.paideiamusical.com.br\/index.php?rest_route=\/wp\/v2\/pages\/1400","targetHints":{"allow":["GET"]}}],"collection":[{"href":"https:\/\/www.paideiamusical.com.br\/index.php?rest_route=\/wp\/v2\/pages"}],"about":[{"href":"https:\/\/www.paideiamusical.com.br\/index.php?rest_route=\/wp\/v2\/types\/page"}],"author":[{"embeddable":true,"href":"https:\/\/www.paideiamusical.com.br\/index.php?rest_route=\/wp\/v2\/users\/1"}],"replies":[{"embeddable":true,"href":"https:\/\/www.paideiamusical.com.br\/index.php?rest_route=%2Fwp%2Fv2%2Fcomments&post=1400"}],"version-history":[{"count":4,"href":"https:\/\/www.paideiamusical.com.br\/index.php?rest_route=\/wp\/v2\/pages\/1400\/revisions"}],"predecessor-version":[{"id":2163,"href":"https:\/\/www.paideiamusical.com.br\/index.php?rest_route=\/wp\/v2\/pages\/1400\/revisions\/2163"}],"wp:attachment":[{"href":"https:\/\/www.paideiamusical.com.br\/index.php?rest_route=%2Fwp%2Fv2%2Fmedia&parent=1400"}],"curies":[{"name":"wp","href":"https:\/\/api.w.org\/{rel}","templated":true}]}}