{"id":1412,"date":"2014-02-26T14:22:56","date_gmt":"2014-02-26T14:22:56","guid":{"rendered":"http:\/\/www.paideiamusical.com.br\/?page_id=1412"},"modified":"2017-12-07T12:19:28","modified_gmt":"2017-12-07T14:19:28","slug":"trilhas-urbanas","status":"publish","type":"page","link":"https:\/\/www.paideiamusical.com.br\/?page_id=1412","title":{"rendered":"Est\u00fadio Trilhas Urbanas"},"content":{"rendered":"<div  class='flex_column av-av_one_full-2a9015ff38129c418a3f2eafba3e9512 av_one_full  avia-builder-el-0  el_before_av_textblock  avia-builder-el-first  first flex_column_div  '     ><section  class='av_textblock_section av-av_textblock-0366cc7376be6c9e82a3e9cc8987b64f '   itemscope=\"itemscope\" itemtype=\"https:\/\/schema.org\/CreativeWork\" ><div class='avia_textblock'  itemprop=\"text\" ><h1 style=\"text-align: center;\">Est\u00fadio Trilhas Urbanas<\/h1>\n<\/div><\/section><\/div><section  class='av_textblock_section av-av_textblock-0366cc7376be6c9e82a3e9cc8987b64f '   itemscope=\"itemscope\" itemtype=\"https:\/\/schema.org\/CreativeWork\" ><div class='avia_textblock'  itemprop=\"text\" ><h3 style=\"text-align: center;\">A Paideia \u2013 Produ\u00e7\u00f5es Art\u00edsticas e o Est\u00fadio Trilhas Urbanas s\u00e3o empresas coligadas e fazem parte do mesmo grupo empresarial. Embora em atua\u00e7\u00f5es independentes, trabalham associados na realiza\u00e7\u00e3o de projetos de grande porte, projetos de lei de incentivo e de produ\u00e7\u00e3o fonogr\u00e1fica onde o conhecimento t\u00e9cnico e log\u00edstico<br \/>\n\u00e9 fundamental, representando seguran\u00e7a e confiabilidade nas produ\u00e7\u00f5es que realizam.<\/h3>\n<h3 style=\"text-align: center;\">O Est\u00fadio Trilhas Urbanas \u00e9 refer\u00eancia em grava\u00e7\u00e3o, produ\u00e7\u00e3o sonora e v\u00eddeos. \u00c9 especialista em musica cl\u00e1ssica, popular e Jazz e conta com equipamentos de ponta oferecendo a melhor solu\u00e7\u00e3o para projetos de CD e DVD\u2019s.<\/h3>\n<h3 style=\"text-align: center;\"><span style=\"color: #000000;\">Conhe\u00e7a o trabalho realizado pelo Est\u00fadio Trilhas Urbanas visitando nosso site<span style=\"color: #808080;\"><a href=\"http:\/\/www.trilhasurbanas.com.br\/\" target=\"_blank\" rel=\"noopener\"><span style=\"color: #808080;\"> www.trilhasurbanas.com.br<\/span><\/a>,<\/span><br \/>\nou entrando em contato pelos telefones <span style=\"color: #808080;\">(41) 3264-7163 \/ 98409-9695.<\/span><\/span><\/h3>\n<\/div><\/section><\/p>\n<\/div><\/div><\/div><!-- close content main div --><\/div><\/div>\n<style type=\"text\/css\" data-created_by=\"avia_inline_auto\" id=\"style-css-av-av_section-6d0179939f90fe185335ea64a8a2b2b9\">\n.avia-section.av-av_section-6d0179939f90fe185335ea64a8a2b2b9{\nbackground-color:#000000;\nbackground-image:url(https:\/\/www.paideiamusical.com.br\/wp-content\/uploads\/2014\/02\/MG_5678.jpg);\nbackground-repeat:no-repeat;\nbackground-position:50% 50%;\nbackground-attachment:fixed;\n}\n<\/style>\n<div id='av_section_1'  class='avia-section av-av_section-6d0179939f90fe185335ea64a8a2b2b9 main_color avia-section-large avia-no-shadow  avia-builder-el-3  el_after_av_textblock  avia-builder-el-last  avia-full-stretch avia-bg-style-fixed av-minimum-height av-minimum-height-50 av-height-50  container_wrap fullsize'  data-section-bg-repeat='stretch' data-av_minimum_height_pc='50' data-av_min_height_opt='50'><div class='container av-section-cont-open' ><div class='template-page content  av-content-full alpha units'><div class='post-entry post-entry-type-page post-entry-1412'><div class='entry-content-wrapper clearfix'>\n","protected":false},"excerpt":{"rendered":"","protected":false},"author":1,"featured_media":0,"parent":0,"menu_order":0,"comment_status":"closed","ping_status":"closed","template":"","meta":{"footnotes":""},"class_list":["post-1412","page","type-page","status-publish","hentry"],"_links":{"self":[{"href":"https:\/\/www.paideiamusical.com.br\/index.php?rest_route=\/wp\/v2\/pages\/1412","targetHints":{"allow":["GET"]}}],"collection":[{"href":"https:\/\/www.paideiamusical.com.br\/index.php?rest_route=\/wp\/v2\/pages"}],"about":[{"href":"https:\/\/www.paideiamusical.com.br\/index.php?rest_route=\/wp\/v2\/types\/page"}],"author":[{"embeddable":true,"href":"https:\/\/www.paideiamusical.com.br\/index.php?rest_route=\/wp\/v2\/users\/1"}],"replies":[{"embeddable":true,"href":"https:\/\/www.paideiamusical.com.br\/index.php?rest_route=%2Fwp%2Fv2%2Fcomments&post=1412"}],"version-history":[{"count":89,"href":"https:\/\/www.paideiamusical.com.br\/index.php?rest_route=\/wp\/v2\/pages\/1412\/revisions"}],"predecessor-version":[{"id":10431,"href":"https:\/\/www.paideiamusical.com.br\/index.php?rest_route=\/wp\/v2\/pages\/1412\/revisions\/10431"}],"wp:attachment":[{"href":"https:\/\/www.paideiamusical.com.br\/index.php?rest_route=%2Fwp%2Fv2%2Fmedia&parent=1412"}],"curies":[{"name":"wp","href":"https:\/\/api.w.org\/{rel}","templated":true}]}}