{"id":220,"date":"2014-02-18T20:14:11","date_gmt":"2014-02-18T20:14:11","guid":{"rendered":"http:\/\/www.paideiamusical.com.br\/?page_id=220"},"modified":"2020-04-28T16:05:36","modified_gmt":"2020-04-28T19:05:36","slug":"professores","status":"publish","type":"page","link":"https:\/\/www.paideiamusical.com.br\/?page_id=220","title":{"rendered":"Professores"},"content":{"rendered":"<section  class='av_textblock_section av-1vwm4-bce855783f49dc96c1e93ce2c362a00a '   itemscope=\"itemscope\" itemtype=\"https:\/\/schema.org\/CreativeWork\" ><div class='avia_textblock'  itemprop=\"text\" ><h1>Professores<\/h1>\n<h1><\/h1>\n<\/div><\/section>\n<section  class='av_textblock_section av-g1klw-7e588d11e1b3e7c91a9379bc2323b10b '   itemscope=\"itemscope\" itemtype=\"https:\/\/schema.org\/CreativeWork\" ><div class='avia_textblock'  itemprop=\"text\" ><p>Profissionais apaixonados pela m\u00fasica, os nossos professores est\u00e3o aqui para te ajudar nessa maravilhosa jornada sonora.<\/p>\n<\/div><\/section>\n<div  id=\"av-sc-portfolio-1\"  class=\"av-portfolio-grid-sorting-container\"><div class='sort_width_container  av-sort-yes' data-portfolio-id='1' ><div id='js_sort_items' ><div class='sort_by_cat '><a href=\"#\" data-filter=\"all_sort\" class=\"all_sort_button active_sort\"><span class=\"inner_sort_button\"><span>Todos<\/span><small class=\"av-cat-count\"> 16 <\/small><\/span><\/a><span class=\"text-sep professor-baixo_sort_sep\">\/<\/span><a href=\"#\" data-filter=\"professor-baixo_sort\" class=\"professor-baixo_sort_button\" ><span class=\"inner_sort_button\"><span>Baixo<\/span><small class=\"av-cat-count\"> 1 <\/small><\/span><\/a><span class=\"text-sep professor-bateria_sort_sep\">\/<\/span><a href=\"#\" data-filter=\"professor-bateria_sort\" class=\"professor-bateria_sort_button\" ><span class=\"inner_sort_button\"><span>Bateria<\/span><small class=\"av-cat-count\"> 1 <\/small><\/span><\/a><span class=\"text-sep professor-canto_sort_sep\">\/<\/span><a href=\"#\" data-filter=\"professor-canto_sort\" class=\"professor-canto_sort_button\" ><span class=\"inner_sort_button\"><span>Canto<\/span><small class=\"av-cat-count\"> 2 <\/small><\/span><\/a><span class=\"text-sep professor-curitibocas_sort_sep\">\/<\/span><a href=\"#\" data-filter=\"professor-curitibocas_sort\" class=\"professor-curitibocas_sort_button\" ><span class=\"inner_sort_button\"><span>Curitib\u00f4cas<\/span><small class=\"av-cat-count\"> 1 <\/small><\/span><\/a><span class=\"text-sep professor-flauta-tranversa_sort_sep\">\/<\/span><a href=\"#\" data-filter=\"professor-flauta-tranversa_sort\" class=\"professor-flauta-tranversa_sort_button\" ><span class=\"inner_sort_button\"><span>Flauta Transversa<\/span><small class=\"av-cat-count\"> 1 <\/small><\/span><\/a><span class=\"text-sep professor-guitarra_sort_sep\">\/<\/span><a href=\"#\" data-filter=\"professor-guitarra_sort\" class=\"professor-guitarra_sort_button\" ><span class=\"inner_sort_button\"><span>Guitarra<\/span><small class=\"av-cat-count\"> 2 <\/small><\/span><\/a><span class=\"text-sep professor-papo-coral_sort_sep\">\/<\/span><a href=\"#\" data-filter=\"professor-papo-coral_sort\" class=\"professor-papo-coral_sort_button\" ><span class=\"inner_sort_button\"><span>Papo Coral<\/span><small class=\"av-cat-count\"> 1 <\/small><\/span><\/a><span class=\"text-sep professor-papo-de-anjo_sort_sep\">\/<\/span><a href=\"#\" data-filter=\"professor-papo-de-anjo_sort\" class=\"professor-papo-de-anjo_sort_button\" ><span class=\"inner_sort_button\"><span>Papo de Anjo<\/span><small class=\"av-cat-count\"> 3 <\/small><\/span><\/a><span class=\"text-sep professor-piano_sort_sep\">\/<\/span><a href=\"#\" data-filter=\"professor-piano_sort\" class=\"professor-piano_sort_button\" ><span class=\"inner_sort_button\"><span>Piano<\/span><small class=\"av-cat-count\"> 5 <\/small><\/span><\/a><span class=\"text-sep professor_sort_sep\">\/<\/span><a href=\"#\" data-filter=\"professor_sort\" class=\"professor_sort_button\" ><span class=\"inner_sort_button\"><span>Professor<\/span><small class=\"av-cat-count\"> 16 <\/small><\/span><\/a><span class=\"text-sep professor-saxofone_sort_sep\">\/<\/span><a href=\"#\" data-filter=\"professor-saxofone_sort\" class=\"professor-saxofone_sort_button\" ><span class=\"inner_sort_button\"><span>Saxofone<\/span><small class=\"av-cat-count\"> 1 <\/small><\/span><\/a><span class=\"text-sep professor-violao_sort_sep\">\/<\/span><a href=\"#\" data-filter=\"professor-violao_sort\" class=\"professor-violao_sort_button\" ><span class=\"inner_sort_button\"><span>Viol\u00e3o<\/span><small class=\"av-cat-count\"> 3 <\/small><\/span><\/a><span class=\"text-sep professor-violoncelo_sort_sep\">\/<\/span><a href=\"#\" data-filter=\"professor-violoncelo_sort\" class=\"professor-violoncelo_sort_button\" ><span class=\"inner_sort_button\"><span>Violoncelo<\/span><small class=\"av-cat-count\"> 1 <\/small><\/span><\/a><\/div><\/div><\/div><div  class=' grid-sort-container isotope   no_margin-container with-excerpt-container grid-total-even grid-col-4 grid-links-' data-portfolio-id='1'><div data-ajax-id='11995' class=' grid-entry flex_column isotope-item all_sort no_margin post-entry post-entry-11995 grid-entry-overview grid-loop-1 grid-parity-odd  professor-piano_sort professor_sort  av_one_fourth first default_av_fullwidth '><article class='main_color inner-entry'  itemscope=\"itemscope\" itemtype=\"https:\/\/schema.org\/CreativeWork\" ><a href=\"https:\/\/www.paideiamusical.com.br\/?portfolio=alisson-maian\" title='Alisson Maian'  data-rel='grid-1' class='grid-image avia-hover-fx'> <img decoding=\"async\" fetchpriority=\"high\" width=\"260\" height=\"185\" src=\"https:\/\/www.paideiamusical.com.br\/wp-content\/uploads\/2024\/08\/IMG_5219-260x185.jpeg\" class=\"wp-image-11996 avia-img-lazy-loading-not-11996 attachment-portfolio_small size-portfolio_small wp-post-image\" alt=\"\" \/><\/a><div class='grid-content'><div class='avia-arrow'><\/div><header class=\"entry-content-header\" aria-label=\"Portfolio: Alisson Maian\"><h3 class='grid-entry-title entry-title '  itemprop=\"headline\" ><a href='https:\/\/www.paideiamusical.com.br\/?portfolio=alisson-maian' title='Alisson Maian'>Alisson Maian<\/a><\/h3><\/header><\/div><footer class=\"entry-footer\"><\/footer><\/article><\/div><div data-ajax-id='10884' class=' grid-entry flex_column isotope-item all_sort no_margin post-entry post-entry-10884 grid-entry-overview grid-loop-2 grid-parity-even  professor-piano_sort professor_sort  av_one_fourth  default_av_fullwidth '><article class='main_color inner-entry'  itemscope=\"itemscope\" itemtype=\"https:\/\/schema.org\/CreativeWork\" ><a href=\"https:\/\/www.paideiamusical.com.br\/?portfolio=analaura-de-souza-pinto\" title='Analaura de Souza Pinto'  data-rel='grid-1' class='grid-image avia-hover-fx'> <img decoding=\"async\" fetchpriority=\"high\" width=\"260\" height=\"185\" src=\"https:\/\/www.paideiamusical.com.br\/wp-content\/uploads\/2021\/09\/Analaura_piano_PAIDEIA-260x185.png\" class=\"wp-image-10885 avia-img-lazy-loading-not-10885 attachment-portfolio_small size-portfolio_small wp-post-image\" alt=\"\" \/><\/a><div class='grid-content'><div class='avia-arrow'><\/div><header class=\"entry-content-header\" aria-label=\"Portfolio: Analaura de Souza Pinto\"><h3 class='grid-entry-title entry-title '  itemprop=\"headline\" ><a href='https:\/\/www.paideiamusical.com.br\/?portfolio=analaura-de-souza-pinto' title='Analaura de Souza Pinto'>Analaura de Souza Pinto<\/a><\/h3><\/header><\/div><footer class=\"entry-footer\"><\/footer><\/article><\/div><div data-ajax-id='10169' class=' grid-entry flex_column isotope-item all_sort no_margin post-entry post-entry-10169 grid-entry-overview grid-loop-3 grid-parity-odd  professor_sort professor-ukulele_sort professor-violao_sort  av_one_fourth  default_av_fullwidth '><article class='main_color inner-entry'  itemscope=\"itemscope\" itemtype=\"https:\/\/schema.org\/CreativeWork\" ><a href=\"https:\/\/www.paideiamusical.com.br\/?portfolio=beatriz-schneider\" title='Beatriz Schneider'  data-rel='grid-1' class='grid-image avia-hover-fx'> <img decoding=\"async\" fetchpriority=\"high\" width=\"260\" height=\"185\" src=\"https:\/\/www.paideiamusical.com.br\/wp-content\/uploads\/2020\/03\/PHOTO-2023-10-09-11-52-41-260x185.jpg\" class=\"wp-image-11856 avia-img-lazy-loading-not-11856 attachment-portfolio_small size-portfolio_small wp-post-image\" alt=\"\" \/><\/a><div class='grid-content'><div class='avia-arrow'><\/div><header class=\"entry-content-header\" aria-label=\"Portfolio: Beatriz Schneider\"><h3 class='grid-entry-title entry-title '  itemprop=\"headline\" ><a href='https:\/\/www.paideiamusical.com.br\/?portfolio=beatriz-schneider' title='Beatriz Schneider'>Beatriz Schneider<\/a><\/h3><\/header><\/div><footer class=\"entry-footer\"><\/footer><\/article><\/div><div data-ajax-id='276' class=' grid-entry flex_column isotope-item all_sort no_margin post-entry post-entry-276 grid-entry-overview grid-loop-4 grid-parity-even  equipe_sort professor-papo-coral_sort professor-papo-de-anjo_sort professor_sort  av_one_fourth  default_av_fullwidth '><article class='main_color inner-entry'  itemscope=\"itemscope\" itemtype=\"https:\/\/schema.org\/CreativeWork\" ><a href=\"https:\/\/www.paideiamusical.com.br\/?portfolio=cristiane-alexandre\" title='Cristiane Alexandre'  data-rel='grid-1' class='grid-image avia-hover-fx'> <img decoding=\"async\" fetchpriority=\"high\" width=\"260\" height=\"185\" src=\"https:\/\/www.paideiamusical.com.br\/wp-content\/uploads\/2014\/02\/cris-260x185.png\" class=\"wp-image-10218 avia-img-lazy-loading-not-10218 attachment-portfolio_small size-portfolio_small wp-post-image\" alt=\"\" \/><\/a><div class='grid-content'><div class='avia-arrow'><\/div><header class=\"entry-content-header\" aria-label=\"Portfolio: Cristiane Alexandre\"><h3 class='grid-entry-title entry-title '  itemprop=\"headline\" ><a href='https:\/\/www.paideiamusical.com.br\/?portfolio=cristiane-alexandre' title='Cristiane Alexandre'>Cristiane Alexandre<\/a><\/h3><\/header><\/div><footer class=\"entry-footer\"><\/footer><\/article><\/div><div data-ajax-id='271' class=' grid-entry flex_column isotope-item all_sort no_margin post-entry post-entry-271 grid-entry-overview grid-loop-5 grid-parity-odd  professor-curitibocas_sort professor_sort  av_one_fourth first default_av_fullwidth '><article class='main_color inner-entry'  itemscope=\"itemscope\" itemtype=\"https:\/\/schema.org\/CreativeWork\" ><a href=\"https:\/\/www.paideiamusical.com.br\/?portfolio=dirceu-saggin\" title='Dirceu Saggin'  data-rel='grid-1' class='grid-image avia-hover-fx'> <img decoding=\"async\" fetchpriority=\"high\" width=\"260\" height=\"185\" src=\"https:\/\/www.paideiamusical.com.br\/wp-content\/uploads\/2014\/02\/professores_0023_dirceu_saggin-260x185.jpg\" class=\"wp-image-122 avia-img-lazy-loading-not-122 attachment-portfolio_small size-portfolio_small wp-post-image\" alt=\"\" \/><\/a><div class='grid-content'><div class='avia-arrow'><\/div><header class=\"entry-content-header\" aria-label=\"Portfolio: Dirceu Saggin\"><h3 class='grid-entry-title entry-title '  itemprop=\"headline\" ><a href='https:\/\/www.paideiamusical.com.br\/?portfolio=dirceu-saggin' title='Dirceu Saggin'>Dirceu Saggin<\/a><\/h3><\/header><\/div><footer class=\"entry-footer\"><\/footer><\/article><\/div><div data-ajax-id='10178' class=' grid-entry flex_column isotope-item all_sort no_margin post-entry post-entry-10178 grid-entry-overview grid-loop-6 grid-parity-even  professor-baixo_sort professor-guitarra_sort professor_sort professor-ukulele_sort professor-violao_sort  av_one_fourth  default_av_fullwidth '><article class='main_color inner-entry'  itemscope=\"itemscope\" itemtype=\"https:\/\/schema.org\/CreativeWork\" ><a href=\"https:\/\/www.paideiamusical.com.br\/?portfolio=joao-paulo-artigas-guimaraes\" title='Jo\u00e3o Paulo Artigas Guimar\u00e3es'  data-rel='grid-1' class='grid-image avia-hover-fx'> <img decoding=\"async\" fetchpriority=\"high\" width=\"260\" height=\"185\" src=\"https:\/\/www.paideiamusical.com.br\/wp-content\/uploads\/2020\/03\/JOAO-SITE-260x185.png\" class=\"wp-image-10166 avia-img-lazy-loading-not-10166 attachment-portfolio_small size-portfolio_small wp-post-image\" alt=\"\" \/><\/a><div class='grid-content'><div class='avia-arrow'><\/div><header class=\"entry-content-header\" aria-label=\"Portfolio: Jo\u00e3o Paulo Artigas Guimar\u00e3es\"><h3 class='grid-entry-title entry-title '  itemprop=\"headline\" ><a href='https:\/\/www.paideiamusical.com.br\/?portfolio=joao-paulo-artigas-guimaraes' title='Jo\u00e3o Paulo Artigas Guimar\u00e3es'>Jo\u00e3o Paulo Artigas Guimar\u00e3es<\/a><\/h3><\/header><\/div><footer class=\"entry-footer\"><\/footer><\/article><\/div><div data-ajax-id='10173' class=' grid-entry flex_column isotope-item all_sort no_margin post-entry post-entry-10173 grid-entry-overview grid-loop-7 grid-parity-odd  professor-piano_sort professor_sort  av_one_fourth  default_av_fullwidth '><article class='main_color inner-entry'  itemscope=\"itemscope\" itemtype=\"https:\/\/schema.org\/CreativeWork\" ><a href=\"https:\/\/www.paideiamusical.com.br\/?portfolio=jozeanna-bolc\" title='Jozeanna Bolc'  data-rel='grid-1' class='grid-image avia-hover-fx'> <img decoding=\"async\" fetchpriority=\"high\" width=\"260\" height=\"185\" src=\"https:\/\/www.paideiamusical.com.br\/wp-content\/uploads\/2020\/03\/SITE-JOZEANNA-260x185.png\" class=\"wp-image-10175 avia-img-lazy-loading-not-10175 attachment-portfolio_small size-portfolio_small wp-post-image\" alt=\"\" \/><\/a><div class='grid-content'><div class='avia-arrow'><\/div><header class=\"entry-content-header\" aria-label=\"Portfolio: Jozeanna Bolc\"><h3 class='grid-entry-title entry-title '  itemprop=\"headline\" ><a href='https:\/\/www.paideiamusical.com.br\/?portfolio=jozeanna-bolc' title='Jozeanna Bolc'>Jozeanna Bolc<\/a><\/h3><\/header><\/div><footer class=\"entry-footer\"><\/footer><\/article><\/div><div data-ajax-id='3164' class=' grid-entry flex_column isotope-item all_sort no_margin post-entry post-entry-3164 grid-entry-overview grid-loop-8 grid-parity-even  professor-canto_sort equipe_sort professor-papo-de-anjo_sort professor-piano_sort professor_sort  av_one_fourth  default_av_fullwidth '><article class='main_color inner-entry'  itemscope=\"itemscope\" itemtype=\"https:\/\/schema.org\/CreativeWork\" ><a href=\"https:\/\/www.paideiamusical.com.br\/?portfolio=julia-saggin\" title='Julia Saggin'  data-rel='grid-1' class='grid-image avia-hover-fx'> <img decoding=\"async\" fetchpriority=\"high\" width=\"260\" height=\"185\" src=\"https:\/\/www.paideiamusical.com.br\/wp-content\/uploads\/2015\/01\/JULIA-260x185.png\" class=\"wp-image-10208 avia-img-lazy-loading-not-10208 attachment-portfolio_small size-portfolio_small wp-post-image\" alt=\"\" \/><\/a><div class='grid-content'><div class='avia-arrow'><\/div><header class=\"entry-content-header\" aria-label=\"Portfolio: Julia Saggin\"><h3 class='grid-entry-title entry-title '  itemprop=\"headline\" ><a href='https:\/\/www.paideiamusical.com.br\/?portfolio=julia-saggin' title='Julia Saggin'>Julia Saggin<\/a><\/h3><\/header><\/div><footer class=\"entry-footer\"><\/footer><\/article><\/div><div data-ajax-id='13410' class=' grid-entry flex_column isotope-item all_sort no_margin post-entry post-entry-13410 grid-entry-overview grid-loop-9 grid-parity-odd  professor_sort professor-saxofone_sort  av_one_fourth first default_av_fullwidth '><article class='main_color inner-entry'  itemscope=\"itemscope\" itemtype=\"https:\/\/schema.org\/CreativeWork\" ><a href=\"https:\/\/www.paideiamusical.com.br\/?portfolio=keyson-patrick\" title='Keyson Patrick'  data-rel='grid-1' class='grid-image avia-hover-fx'> <img decoding=\"async\" fetchpriority=\"high\" width=\"260\" height=\"185\" src=\"https:\/\/www.paideiamusical.com.br\/wp-content\/uploads\/2024\/09\/Imagem-do-WhatsApp-de-2024-09-15-\u00e0s-16.26.58_c4829e78-e1726429532109-260x185.jpg\" class=\"wp-image-13411 avia-img-lazy-loading-not-13411 attachment-portfolio_small size-portfolio_small wp-post-image\" alt=\"\" \/><\/a><div class='grid-content'><div class='avia-arrow'><\/div><header class=\"entry-content-header\" aria-label=\"Portfolio: Keyson Patrick\"><h3 class='grid-entry-title entry-title '  itemprop=\"headline\" ><a href='https:\/\/www.paideiamusical.com.br\/?portfolio=keyson-patrick' title='Keyson Patrick'>Keyson Patrick<\/a><\/h3><\/header><\/div><footer class=\"entry-footer\"><\/footer><\/article><\/div><div data-ajax-id='10185' class=' grid-entry flex_column isotope-item all_sort no_margin post-entry post-entry-10185 grid-entry-overview grid-loop-10 grid-parity-even  professor-flauta-tranversa_sort professor_sort  av_one_fourth  default_av_fullwidth '><article class='main_color inner-entry'  itemscope=\"itemscope\" itemtype=\"https:\/\/schema.org\/CreativeWork\" ><a href=\"https:\/\/www.paideiamusical.com.br\/?portfolio=leandro-gaertner\" title='Leandro Gaertner'  data-rel='grid-1' class='grid-image avia-hover-fx'> <img decoding=\"async\" fetchpriority=\"high\" width=\"260\" height=\"185\" src=\"https:\/\/www.paideiamusical.com.br\/wp-content\/uploads\/2020\/03\/LEANDRO-260x185.png\" class=\"wp-image-10189 avia-img-lazy-loading-not-10189 attachment-portfolio_small size-portfolio_small wp-post-image\" alt=\"\" \/><\/a><div class='grid-content'><div class='avia-arrow'><\/div><header class=\"entry-content-header\" aria-label=\"Portfolio: Leandro Gaertner\"><h3 class='grid-entry-title entry-title '  itemprop=\"headline\" ><a href='https:\/\/www.paideiamusical.com.br\/?portfolio=leandro-gaertner' title='Leandro Gaertner'>Leandro Gaertner<\/a><\/h3><\/header><\/div><footer class=\"entry-footer\"><\/footer><\/article><\/div><div data-ajax-id='278' class=' grid-entry flex_column isotope-item all_sort no_margin post-entry post-entry-278 grid-entry-overview grid-loop-11 grid-parity-odd  professor-guitarra_sort professor_sort professor-ukulele_sort professor-violao_sort  av_one_fourth  default_av_fullwidth '><article class='main_color inner-entry'  itemscope=\"itemscope\" itemtype=\"https:\/\/schema.org\/CreativeWork\" ><a href=\"https:\/\/www.paideiamusical.com.br\/?portfolio=marcio-saugo-2\" title='Marcio Saugo'  data-rel='grid-1' class='grid-image avia-hover-fx'> <img decoding=\"async\" fetchpriority=\"high\" width=\"260\" height=\"185\" src=\"https:\/\/www.paideiamusical.com.br\/wp-content\/uploads\/2014\/05\/MARCIO-260x185.png\" class=\"wp-image-10212 avia-img-lazy-loading-not-10212 attachment-portfolio_small size-portfolio_small wp-post-image\" alt=\"\" \/><\/a><div class='grid-content'><div class='avia-arrow'><\/div><header class=\"entry-content-header\" aria-label=\"Portfolio: Marcio Saugo\"><h3 class='grid-entry-title entry-title '  itemprop=\"headline\" ><a href='https:\/\/www.paideiamusical.com.br\/?portfolio=marcio-saugo-2' title='Marcio Saugo'>Marcio Saugo<\/a><\/h3><\/header><\/div><footer class=\"entry-footer\"><\/footer><\/article><\/div><div data-ajax-id='10186' class=' grid-entry flex_column isotope-item all_sort no_margin post-entry post-entry-10186 grid-entry-overview grid-loop-12 grid-parity-even  professor-bateria_sort professor_sort  av_one_fourth  default_av_fullwidth '><article class='main_color inner-entry'  itemscope=\"itemscope\" itemtype=\"https:\/\/schema.org\/CreativeWork\" ><a href=\"https:\/\/www.paideiamusical.com.br\/?portfolio=roberto-krug\" title='Roberto Krug'  data-rel='grid-1' class='grid-image avia-hover-fx'> <img decoding=\"async\" fetchpriority=\"high\" width=\"260\" height=\"185\" src=\"https:\/\/www.paideiamusical.com.br\/wp-content\/uploads\/2020\/03\/KRUG-260x185.png\" class=\"wp-image-10195 avia-img-lazy-loading-not-10195 attachment-portfolio_small size-portfolio_small wp-post-image\" alt=\"\" \/><\/a><div class='grid-content'><div class='avia-arrow'><\/div><header class=\"entry-content-header\" aria-label=\"Portfolio: Roberto Krug\"><h3 class='grid-entry-title entry-title '  itemprop=\"headline\" ><a href='https:\/\/www.paideiamusical.com.br\/?portfolio=roberto-krug' title='Roberto Krug'>Roberto Krug<\/a><\/h3><\/header><\/div><footer class=\"entry-footer\"><\/footer><\/article><\/div><div data-ajax-id='12011' class=' grid-entry flex_column isotope-item all_sort no_margin post-entry post-entry-12011 grid-entry-overview grid-loop-13 grid-parity-odd  professor-piano_sort professor_sort  av_one_fourth first default_av_fullwidth '><article class='main_color inner-entry'  itemscope=\"itemscope\" itemtype=\"https:\/\/schema.org\/CreativeWork\" ><a href=\"https:\/\/www.paideiamusical.com.br\/?portfolio=rosemeri-paese\" title='Rosemeri Paese'  data-rel='grid-1' class='grid-image avia-hover-fx'> <img decoding=\"async\" fetchpriority=\"high\" width=\"260\" height=\"185\" src=\"https:\/\/www.paideiamusical.com.br\/wp-content\/uploads\/2024\/08\/FOTO-MEIRE-260x185.jpg\" class=\"wp-image-12012 avia-img-lazy-loading-not-12012 attachment-portfolio_small size-portfolio_small wp-post-image\" alt=\"\" \/><\/a><div class='grid-content'><div class='avia-arrow'><\/div><header class=\"entry-content-header\" aria-label=\"Portfolio: Rosemeri Paese\"><h3 class='grid-entry-title entry-title '  itemprop=\"headline\" ><a href='https:\/\/www.paideiamusical.com.br\/?portfolio=rosemeri-paese' title='Rosemeri Paese'>Rosemeri Paese<\/a><\/h3><\/header><\/div><footer class=\"entry-footer\"><\/footer><\/article><\/div><div data-ajax-id='10179' class=' grid-entry flex_column isotope-item all_sort no_margin post-entry post-entry-10179 grid-entry-overview grid-loop-14 grid-parity-even  professor-acordeon_sort professor_sort  av_one_fourth  default_av_fullwidth '><article class='main_color inner-entry'  itemscope=\"itemscope\" itemtype=\"https:\/\/schema.org\/CreativeWork\" ><a href=\"https:\/\/www.paideiamusical.com.br\/?portfolio=rubens-nunes-pires\" title='Rubens Nunes Pires'  data-rel='grid-1' class='grid-image avia-hover-fx'> <img decoding=\"async\" fetchpriority=\"high\" width=\"260\" height=\"185\" src=\"https:\/\/www.paideiamusical.com.br\/wp-content\/uploads\/2020\/03\/RUBENS-260x185.png\" class=\"wp-image-10196 avia-img-lazy-loading-not-10196 attachment-portfolio_small size-portfolio_small wp-post-image\" alt=\"\" \/><\/a><div class='grid-content'><div class='avia-arrow'><\/div><header class=\"entry-content-header\" aria-label=\"Portfolio: Rubens Nunes Pires\"><h3 class='grid-entry-title entry-title '  itemprop=\"headline\" ><a href='https:\/\/www.paideiamusical.com.br\/?portfolio=rubens-nunes-pires' title='Rubens Nunes Pires'>Rubens Nunes Pires<\/a><\/h3><\/header><\/div><footer class=\"entry-footer\"><\/footer><\/article><\/div><div data-ajax-id='281' class=' grid-entry flex_column isotope-item all_sort no_margin post-entry post-entry-281 grid-entry-overview grid-loop-15 grid-parity-odd  professor_sort professor-violoncelo_sort  av_one_fourth  default_av_fullwidth '><article class='main_color inner-entry'  itemscope=\"itemscope\" itemtype=\"https:\/\/schema.org\/CreativeWork\" ><a href=\"https:\/\/www.paideiamusical.com.br\/?portfolio=shante-antunes-cabral\" title='Shante Antunes Cabral'  data-rel='grid-1' class='grid-image avia-hover-fx'> <img decoding=\"async\" fetchpriority=\"high\" width=\"260\" height=\"185\" src=\"https:\/\/www.paideiamusical.com.br\/wp-content\/uploads\/2014\/02\/professores_0006_shante_cabral-260x185.jpg\" class=\"wp-image-110 avia-img-lazy-loading-not-110 attachment-portfolio_small size-portfolio_small wp-post-image\" alt=\"\" \/><\/a><div class='grid-content'><div class='avia-arrow'><\/div><header class=\"entry-content-header\" aria-label=\"Portfolio: Shante Antunes Cabral\"><h3 class='grid-entry-title entry-title '  itemprop=\"headline\" ><a href='https:\/\/www.paideiamusical.com.br\/?portfolio=shante-antunes-cabral' title='Shante Antunes Cabral'>Shante Antunes Cabral<\/a><\/h3><\/header><\/div><footer class=\"entry-footer\"><\/footer><\/article><\/div><div data-ajax-id='8771' class=' grid-entry flex_column isotope-item all_sort no_margin post-entry post-entry-8771 grid-entry-overview grid-loop-16 grid-parity-even  post-entry-last  professor-canto_sort professor-papo-de-anjo_sort professor_sort  av_one_fourth  default_av_fullwidth '><article class='main_color inner-entry'  itemscope=\"itemscope\" itemtype=\"https:\/\/schema.org\/CreativeWork\" ><a href=\"https:\/\/www.paideiamusical.com.br\/?portfolio=vitoria-favero\" title='Vit\u00f3ria Favero'  data-rel='grid-1' class='grid-image avia-hover-fx'> <img decoding=\"async\" fetchpriority=\"high\" width=\"260\" height=\"185\" src=\"https:\/\/www.paideiamusical.com.br\/wp-content\/uploads\/2019\/10\/vitoria1-260x185.jpg\" class=\"wp-image-8772 avia-img-lazy-loading-not-8772 attachment-portfolio_small size-portfolio_small wp-post-image\" alt=\"\" \/><\/a><div class='grid-content'><div class='avia-arrow'><\/div><header class=\"entry-content-header\" aria-label=\"Portfolio: Vit\u00f3ria Favero\"><h3 class='grid-entry-title entry-title '  itemprop=\"headline\" ><a href='https:\/\/www.paideiamusical.com.br\/?portfolio=vitoria-favero' title='Vit\u00f3ria Favero'>Vit\u00f3ria Favero<\/a><\/h3><\/header><\/div><footer class=\"entry-footer\"><\/footer><\/article><\/div><\/div><\/div>   <!--   class=\"av-portfolio-grid-sorting-container\"  -->\n","protected":false},"excerpt":{"rendered":"","protected":false},"author":1,"featured_media":0,"parent":0,"menu_order":0,"comment_status":"closed","ping_status":"open","template":"","meta":{"footnotes":""},"class_list":["post-220","page","type-page","status-publish","hentry"],"_links":{"self":[{"href":"https:\/\/www.paideiamusical.com.br\/index.php?rest_route=\/wp\/v2\/pages\/220","targetHints":{"allow":["GET"]}}],"collection":[{"href":"https:\/\/www.paideiamusical.com.br\/index.php?rest_route=\/wp\/v2\/pages"}],"about":[{"href":"https:\/\/www.paideiamusical.com.br\/index.php?rest_route=\/wp\/v2\/types\/page"}],"author":[{"embeddable":true,"href":"https:\/\/www.paideiamusical.com.br\/index.php?rest_route=\/wp\/v2\/users\/1"}],"replies":[{"embeddable":true,"href":"https:\/\/www.paideiamusical.com.br\/index.php?rest_route=%2Fwp%2Fv2%2Fcomments&post=220"}],"version-history":[{"count":14,"href":"https:\/\/www.paideiamusical.com.br\/index.php?rest_route=\/wp\/v2\/pages\/220\/revisions"}],"predecessor-version":[{"id":13466,"href":"https:\/\/www.paideiamusical.com.br\/index.php?rest_route=\/wp\/v2\/pages\/220\/revisions\/13466"}],"wp:attachment":[{"href":"https:\/\/www.paideiamusical.com.br\/index.php?rest_route=%2Fwp%2Fv2%2Fmedia&parent=220"}],"curies":[{"name":"wp","href":"https:\/\/api.w.org\/{rel}","templated":true}]}}