{"id":51,"date":"2014-02-14T11:44:50","date_gmt":"2014-02-14T11:44:50","guid":{"rendered":"http:\/\/s04:7003\/paideia\/?page_id=51"},"modified":"2020-06-24T17:08:21","modified_gmt":"2020-06-24T20:08:21","slug":"cursos","status":"publish","type":"page","link":"https:\/\/www.paideiamusical.com.br\/?page_id=51","title":{"rendered":"Cursos"},"content":{"rendered":"\n<p><\/p>\n\n\n<section  class='av_textblock_section av-by7j-2761b91f7509e86c319591009b92bb75 '   itemscope=\"itemscope\" itemtype=\"https:\/\/schema.org\/CreativeWork\" ><div class='avia_textblock'  itemprop=\"text\" ><h1>Cursos<\/p>\n<h1>\n<\/div><\/section>\n<section  class='av_textblock_section av-2hp7f-abd861a0f9e033703db85aefb29f9c0c '   itemscope=\"itemscope\" itemtype=\"https:\/\/schema.org\/CreativeWork\" ><div class='avia_textblock'  itemprop=\"text\" ><p>O programa de aprendizado \u00e9 elaborado para voc\u00ea, afinado com a sua personalidade, bagagem cultural, ritmo e potencial.<\/p>\n<p>Suas aulas ter\u00e3o uma perfeita integra\u00e7\u00e3o da teoria com a pr\u00e1tica em atividades individuais e em grupo.<\/p>\n<\/div><\/section>\n\n<style type=\"text\/css\" data-created_by=\"avia_inline_auto\" id=\"style-css-av-2as7j-be549c5fc3300dc24266f00b900e0b4c\">\n#top .av-special-heading.av-2as7j-be549c5fc3300dc24266f00b900e0b4c{\npadding-bottom:15px;\n}\nbody .av-special-heading.av-2as7j-be549c5fc3300dc24266f00b900e0b4c .av-special-heading-tag .heading-char{\nfont-size:25px;\n}\n.av-special-heading.av-2as7j-be549c5fc3300dc24266f00b900e0b4c .av-subheading{\nfont-size:15px;\n}\n<\/style>\n<div  class='av-special-heading av-2as7j-be549c5fc3300dc24266f00b900e0b4c av-special-heading-h3 blockquote modern-quote  avia-builder-el-2  el_after_av_textblock  el_before_av_portfolio  avia-builder-el-last '><h3 class='av-special-heading-tag '  itemprop=\"headline\"  >Pr\u00e1ticos ou te\u00f3ricos<\/h3><div class='av-subheading av-subheading_below'><p>Aqui o foco \u00e9 fazer m\u00fasica.<\/p>\n<\/div><div class=\"special-heading-border\"><div class=\"special-heading-inner-border\"><\/div><\/div><\/div>\n<div  id=\"av-sc-portfolio-1\"  class=\"av-portfolio-grid-sorting-container\"><div class='sort_width_container  av-sort-yes' data-portfolio-id='1' ><div id='js_sort_items' ><div class='sort_by_cat '><a href=\"#\" data-filter=\"all_sort\" class=\"all_sort_button active_sort\"><span class=\"inner_sort_button\"><span>Todos<\/span><small class=\"av-cat-count\"> 17 <\/small><\/span><\/a><span class=\"text-sep cordas_sort_sep\">\/<\/span><a href=\"#\" data-filter=\"cordas_sort\" class=\"cordas_sort_button\" ><span class=\"inner_sort_button\"><span>Cordas<\/span><small class=\"av-cat-count\"> 6 <\/small><\/span><\/a><span class=\"text-sep grupos_sort_sep\">\/<\/span><a href=\"#\" data-filter=\"grupos_sort\" class=\"grupos_sort_button\" ><span class=\"inner_sort_button\"><span>Grupos<\/span><small class=\"av-cat-count\"> 4 <\/small><\/span><\/a><span class=\"text-sep instrumento_sort_sep\">\/<\/span><a href=\"#\" data-filter=\"instrumento_sort\" class=\"instrumento_sort_button\" ><span class=\"inner_sort_button\"><span>Instrumento<\/span><small class=\"av-cat-count\"> 11 <\/small><\/span><\/a><span class=\"text-sep musicalizacao_sort_sep\">\/<\/span><a href=\"#\" data-filter=\"musicalizacao_sort\" class=\"musicalizacao_sort_button\" ><span class=\"inner_sort_button\"><span>Musicaliza\u00e7\u00e3o<\/span><small class=\"av-cat-count\"> 1 <\/small><\/span><\/a><span class=\"text-sep percusao_sort_sep\">\/<\/span><a href=\"#\" data-filter=\"percusao_sort\" class=\"percusao_sort_button\" ><span class=\"inner_sort_button\"><span>Percus\u00e3o<\/span><small class=\"av-cat-count\"> 1 <\/small><\/span><\/a><span class=\"text-sep sopro_sort_sep\">\/<\/span><a href=\"#\" data-filter=\"sopro_sort\" class=\"sopro_sort_button\" ><span class=\"inner_sort_button\"><span>Sopro<\/span><small class=\"av-cat-count\"> 2 <\/small><\/span><\/a><span class=\"text-sep teclas_sort_sep\">\/<\/span><a href=\"#\" data-filter=\"teclas_sort\" class=\"teclas_sort_button\" ><span class=\"inner_sort_button\"><span>Teclas<\/span><small class=\"av-cat-count\"> 2 <\/small><\/span><\/a><span class=\"text-sep teorico_sort_sep\">\/<\/span><a href=\"#\" data-filter=\"teorico_sort\" class=\"teorico_sort_button\" ><span class=\"inner_sort_button\"><span>Te\u00f3ricos<\/span><small class=\"av-cat-count\"> 1 <\/small><\/span><\/a><span class=\"text-sep vocal_sort_sep\">\/<\/span><a href=\"#\" data-filter=\"vocal_sort\" class=\"vocal_sort_button\" ><span class=\"inner_sort_button\"><span>Vocal<\/span><small class=\"av-cat-count\"> 4 <\/small><\/span><\/a><\/div><\/div><\/div><div  class=' grid-sort-container isotope   no_margin-container with-excerpt-container grid-total-odd grid-col-4 grid-links-' data-portfolio-id='1'><div data-ajax-id='10472' class=' grid-entry flex_column isotope-item all_sort no_margin post-entry post-entry-10472 grid-entry-overview grid-loop-1 grid-parity-odd  curso_sort instrumento_sort teclas_sort  av_one_fourth first default_av_fullwidth '><article class='main_color inner-entry'  itemscope=\"itemscope\" itemtype=\"https:\/\/schema.org\/CreativeWork\" ><a href=\"https:\/\/www.paideiamusical.com.br\/?portfolio=acordeon\" title='Acordeon'  data-rel='grid-1' class='grid-image avia-hover-fx'> <img decoding=\"async\" fetchpriority=\"high\" width=\"260\" height=\"185\" src=\"https:\/\/www.paideiamusical.com.br\/wp-content\/uploads\/2014\/02\/12_ACORDEON-260x185.png\" class=\"wp-image-10444 avia-img-lazy-loading-not-10444 attachment-portfolio_small size-portfolio_small wp-post-image\" alt=\"\" \/><\/a><div class='grid-content'><div class='avia-arrow'><\/div><header class=\"entry-content-header\" aria-label=\"Portfolio: Acordeon\"><h3 class='grid-entry-title entry-title '  itemprop=\"headline\" ><a href='https:\/\/www.paideiamusical.com.br\/?portfolio=acordeon' title='Acordeon'>Acordeon<\/a><\/h3><\/header><\/div><footer class=\"entry-footer\"><\/footer><\/article><\/div><div data-ajax-id='54' class=' grid-entry flex_column isotope-item all_sort no_margin post-entry post-entry-54 grid-entry-overview grid-loop-2 grid-parity-even  cordas_sort curso_sort instrumento_sort  av_one_fourth  default_av_fullwidth '><article class='main_color inner-entry'  itemscope=\"itemscope\" itemtype=\"https:\/\/schema.org\/CreativeWork\" ><a href=\"https:\/\/www.paideiamusical.com.br\/?portfolio=baixo\" title='Baixo'  data-rel='grid-1' class='grid-image avia-hover-fx'> <img decoding=\"async\" fetchpriority=\"high\" width=\"260\" height=\"185\" src=\"https:\/\/www.paideiamusical.com.br\/wp-content\/uploads\/2014\/02\/08_BAIXO-260x185.png\" class=\"wp-image-10440 avia-img-lazy-loading-not-10440 attachment-portfolio_small size-portfolio_small wp-post-image\" alt=\"\" \/><\/a><div class='grid-content'><div class='avia-arrow'><\/div><header class=\"entry-content-header\" aria-label=\"Portfolio: Baixo\"><h3 class='grid-entry-title entry-title '  itemprop=\"headline\" ><a href='https:\/\/www.paideiamusical.com.br\/?portfolio=baixo' title='Baixo'>Baixo<\/a><\/h3><\/header><\/div><footer class=\"entry-footer\"><\/footer><\/article><\/div><div data-ajax-id='55' class=' grid-entry flex_column isotope-item all_sort no_margin post-entry post-entry-55 grid-entry-overview grid-loop-3 grid-parity-odd  curso_sort instrumento_sort percusao_sort  av_one_fourth  default_av_fullwidth '><article class='main_color inner-entry'  itemscope=\"itemscope\" itemtype=\"https:\/\/schema.org\/CreativeWork\" ><a href=\"https:\/\/www.paideiamusical.com.br\/?portfolio=bateria\" title='Bateria'  data-rel='grid-1' class='grid-image avia-hover-fx'> <img decoding=\"async\" fetchpriority=\"high\" width=\"260\" height=\"185\" src=\"https:\/\/www.paideiamusical.com.br\/wp-content\/uploads\/2014\/02\/07_BATERIA-260x185.png\" class=\"wp-image-10439 avia-img-lazy-loading-not-10439 attachment-portfolio_small size-portfolio_small wp-post-image\" alt=\"\" \/><\/a><div class='grid-content'><div class='avia-arrow'><\/div><header class=\"entry-content-header\" aria-label=\"Portfolio: Bateria\"><h3 class='grid-entry-title entry-title '  itemprop=\"headline\" ><a href='https:\/\/www.paideiamusical.com.br\/?portfolio=bateria' title='Bateria'>Bateria<\/a><\/h3><\/header><\/div><footer class=\"entry-footer\"><\/footer><\/article><\/div><div data-ajax-id='56' class=' grid-entry flex_column isotope-item all_sort no_margin post-entry post-entry-56 grid-entry-overview grid-loop-4 grid-parity-even  curso_sort vocal_sort  av_one_fourth  default_av_fullwidth '><article class='main_color inner-entry'  itemscope=\"itemscope\" itemtype=\"https:\/\/schema.org\/CreativeWork\" ><a href=\"https:\/\/www.paideiamusical.com.br\/?portfolio=canto\" title='Canto'  data-rel='grid-1' class='grid-image avia-hover-fx'> <img decoding=\"async\" fetchpriority=\"high\" width=\"260\" height=\"185\" src=\"https:\/\/www.paideiamusical.com.br\/wp-content\/uploads\/2014\/02\/03_CANTO-260x185.png\" class=\"wp-image-10435 avia-img-lazy-loading-not-10435 attachment-portfolio_small size-portfolio_small wp-post-image\" alt=\"\" \/><\/a><div class='grid-content'><div class='avia-arrow'><\/div><header class=\"entry-content-header\" aria-label=\"Portfolio: Canto\"><h3 class='grid-entry-title entry-title '  itemprop=\"headline\" ><a href='https:\/\/www.paideiamusical.com.br\/?portfolio=canto' title='Canto'>Canto<\/a><\/h3><\/header><\/div><footer class=\"entry-footer\"><\/footer><\/article><\/div><div data-ajax-id='58' class=' grid-entry flex_column isotope-item all_sort no_margin post-entry post-entry-58 grid-entry-overview grid-loop-5 grid-parity-odd  curso_sort grupos_sort vocal_sort  av_one_fourth first default_av_fullwidth '><article class='main_color inner-entry'  itemscope=\"itemscope\" itemtype=\"https:\/\/schema.org\/CreativeWork\" ><a href=\"https:\/\/www.paideiamusical.com.br\/?portfolio=curitibocas\" title='Curitib\u00f4cas'  data-rel='grid-1' class='grid-image avia-hover-fx'> <img decoding=\"async\" fetchpriority=\"high\" width=\"260\" height=\"185\" src=\"https:\/\/www.paideiamusical.com.br\/wp-content\/uploads\/2014\/02\/17_CURITIBOCAS-260x185.png\" class=\"wp-image-10449 avia-img-lazy-loading-not-10449 attachment-portfolio_small size-portfolio_small wp-post-image\" alt=\"\" \/><\/a><div class='grid-content'><div class='avia-arrow'><\/div><header class=\"entry-content-header\" aria-label=\"Portfolio: Curitib\u00f4cas\"><h3 class='grid-entry-title entry-title '  itemprop=\"headline\" ><a href='https:\/\/www.paideiamusical.com.br\/?portfolio=curitibocas' title='Curitib\u00f4cas'>Curitib\u00f4cas<\/a><\/h3><\/header><\/div><footer class=\"entry-footer\"><\/footer><\/article><\/div><div data-ajax-id='1895' class=' grid-entry flex_column isotope-item all_sort no_margin post-entry post-entry-1895 grid-entry-overview grid-loop-6 grid-parity-even  curso_sort teorico_sort  av_one_fourth  default_av_fullwidth '><article class='main_color inner-entry'  itemscope=\"itemscope\" itemtype=\"https:\/\/schema.org\/CreativeWork\" ><a href=\"https:\/\/www.paideiamusical.com.br\/?portfolio=cursos-teoricos\" title='Cursos Te\u00f3ricos'  data-rel='grid-1' class='grid-image avia-hover-fx'> <img decoding=\"async\" fetchpriority=\"high\" width=\"260\" height=\"185\" src=\"https:\/\/www.paideiamusical.com.br\/wp-content\/uploads\/2014\/03\/18_AULAS-TE\u00d3RICAS-260x185.png\" class=\"wp-image-10681 avia-img-lazy-loading-not-10681 attachment-portfolio_small size-portfolio_small wp-post-image\" alt=\"\" \/><\/a><div class='grid-content'><div class='avia-arrow'><\/div><header class=\"entry-content-header\" aria-label=\"Portfolio: Cursos Te\u00f3ricos\"><h3 class='grid-entry-title entry-title '  itemprop=\"headline\" ><a href='https:\/\/www.paideiamusical.com.br\/?portfolio=cursos-teoricos' title='Cursos Te\u00f3ricos'>Cursos Te\u00f3ricos<\/a><\/h3><\/header><\/div><footer class=\"entry-footer\"><\/footer><\/article><\/div><div data-ajax-id='59' class=' grid-entry flex_column isotope-item all_sort no_margin post-entry post-entry-59 grid-entry-overview grid-loop-7 grid-parity-odd  curso_sort instrumento_sort sopro_sort  av_one_fourth  default_av_fullwidth '><article class='main_color inner-entry'  itemscope=\"itemscope\" itemtype=\"https:\/\/schema.org\/CreativeWork\" ><a href=\"https:\/\/www.paideiamusical.com.br\/?portfolio=flauta\" title='Flauta'  data-rel='grid-1' class='grid-image avia-hover-fx'> <img decoding=\"async\" fetchpriority=\"high\" width=\"260\" height=\"185\" src=\"https:\/\/www.paideiamusical.com.br\/wp-content\/uploads\/2014\/02\/09_FLAUTA-260x185.png\" class=\"wp-image-10441 avia-img-lazy-loading-not-10441 attachment-portfolio_small size-portfolio_small wp-post-image\" alt=\"\" \/><\/a><div class='grid-content'><div class='avia-arrow'><\/div><header class=\"entry-content-header\" aria-label=\"Portfolio: Flauta\"><h3 class='grid-entry-title entry-title '  itemprop=\"headline\" ><a href='https:\/\/www.paideiamusical.com.br\/?portfolio=flauta' title='Flauta'>Flauta<\/a><\/h3><\/header><\/div><footer class=\"entry-footer\"><\/footer><\/article><\/div><div data-ajax-id='60' class=' grid-entry flex_column isotope-item all_sort no_margin post-entry post-entry-60 grid-entry-overview grid-loop-8 grid-parity-even  cordas_sort curso_sort instrumento_sort  av_one_fourth  default_av_fullwidth '><article class='main_color inner-entry'  itemscope=\"itemscope\" itemtype=\"https:\/\/schema.org\/CreativeWork\" ><a href=\"https:\/\/www.paideiamusical.com.br\/?portfolio=guitarra\" title='Guitarra'  data-rel='grid-1' class='grid-image avia-hover-fx'> <img decoding=\"async\" fetchpriority=\"high\" width=\"260\" height=\"185\" src=\"https:\/\/www.paideiamusical.com.br\/wp-content\/uploads\/2014\/02\/06_GUITARRA-260x185.png\" class=\"wp-image-10438 avia-img-lazy-loading-not-10438 attachment-portfolio_small size-portfolio_small wp-post-image\" alt=\"\" \/><\/a><div class='grid-content'><div class='avia-arrow'><\/div><header class=\"entry-content-header\" aria-label=\"Portfolio: Guitarra\"><h3 class='grid-entry-title entry-title '  itemprop=\"headline\" ><a href='https:\/\/www.paideiamusical.com.br\/?portfolio=guitarra' title='Guitarra'>Guitarra<\/a><\/h3><\/header><\/div><footer class=\"entry-footer\"><\/footer><\/article><\/div><div data-ajax-id='61' class=' grid-entry flex_column isotope-item all_sort no_margin post-entry post-entry-61 grid-entry-overview grid-loop-9 grid-parity-odd  curso_sort grupos_sort vocal_sort  av_one_fourth first default_av_fullwidth '><article class='main_color inner-entry'  itemscope=\"itemscope\" itemtype=\"https:\/\/schema.org\/CreativeWork\" ><a href=\"https:\/\/www.paideiamusical.com.br\/?portfolio=papo-coral\" title='Papo Coral'  data-rel='grid-1' class='grid-image avia-hover-fx'> <img decoding=\"async\" fetchpriority=\"high\" width=\"260\" height=\"185\" src=\"https:\/\/www.paideiamusical.com.br\/wp-content\/uploads\/2014\/02\/PAPO-CORAL-260x185.png\" class=\"wp-image-10687 avia-img-lazy-loading-not-10687 attachment-portfolio_small size-portfolio_small wp-post-image\" alt=\"\" \/><\/a><div class='grid-content'><div class='avia-arrow'><\/div><header class=\"entry-content-header\" aria-label=\"Portfolio: Papo Coral\"><h3 class='grid-entry-title entry-title '  itemprop=\"headline\" ><a href='https:\/\/www.paideiamusical.com.br\/?portfolio=papo-coral' title='Papo Coral'>Papo Coral<\/a><\/h3><\/header><\/div><footer class=\"entry-footer\"><\/footer><\/article><\/div><div data-ajax-id='1566' class=' grid-entry flex_column isotope-item all_sort no_margin post-entry post-entry-1566 grid-entry-overview grid-loop-10 grid-parity-even  curso_sort grupos_sort musicalizacao_sort  av_one_fourth  default_av_fullwidth '><article class='main_color inner-entry'  itemscope=\"itemscope\" itemtype=\"https:\/\/schema.org\/CreativeWork\" ><a href=\"https:\/\/www.paideiamusical.com.br\/?portfolio=papo-de-anjo\" title='Papo de Anjo'  data-rel='grid-1' class='grid-image avia-hover-fx'> <img decoding=\"async\" fetchpriority=\"high\" width=\"260\" height=\"185\" src=\"https:\/\/www.paideiamusical.com.br\/wp-content\/uploads\/2014\/02\/13_MUSICALIZA\u00e7\u00e2O-260x185.png\" class=\"wp-image-10445 avia-img-lazy-loading-not-10445 attachment-portfolio_small size-portfolio_small wp-post-image\" alt=\"\" \/><\/a><div class='grid-content'><div class='avia-arrow'><\/div><header class=\"entry-content-header\" aria-label=\"Portfolio: Papo de Anjo\"><h3 class='grid-entry-title entry-title '  itemprop=\"headline\" ><a href='https:\/\/www.paideiamusical.com.br\/?portfolio=papo-de-anjo' title='Papo de Anjo'>Papo de Anjo<\/a><\/h3><\/header><\/div><footer class=\"entry-footer\"><\/footer><\/article><\/div><div data-ajax-id='43' class=' grid-entry flex_column isotope-item all_sort no_margin post-entry post-entry-43 grid-entry-overview grid-loop-11 grid-parity-odd  curso_sort instrumento_sort teclas_sort  av_one_fourth  default_av_fullwidth '><article class='main_color inner-entry'  itemscope=\"itemscope\" itemtype=\"https:\/\/schema.org\/CreativeWork\" ><a href=\"https:\/\/www.paideiamusical.com.br\/?portfolio=piano\" title='Piano'  data-rel='grid-1' class='grid-image avia-hover-fx'> <img decoding=\"async\" fetchpriority=\"high\" width=\"260\" height=\"185\" src=\"https:\/\/www.paideiamusical.com.br\/wp-content\/uploads\/2014\/02\/01_PIANO-260x185.png\" class=\"wp-image-10433 avia-img-lazy-loading-not-10433 attachment-portfolio_small size-portfolio_small wp-post-image\" alt=\"\" \/><\/a><div class='grid-content'><div class='avia-arrow'><\/div><header class=\"entry-content-header\" aria-label=\"Portfolio: Piano\"><h3 class='grid-entry-title entry-title '  itemprop=\"headline\" ><a href='https:\/\/www.paideiamusical.com.br\/?portfolio=piano' title='Piano'>Piano<\/a><\/h3><\/header><\/div><footer class=\"entry-footer\"><\/footer><\/article><\/div><div data-ajax-id='1893' class=' grid-entry flex_column isotope-item all_sort no_margin post-entry post-entry-1893 grid-entry-overview grid-loop-12 grid-parity-even  curso_sort instrumento_sort sopro_sort  av_one_fourth  default_av_fullwidth '><article class='main_color inner-entry'  itemscope=\"itemscope\" itemtype=\"https:\/\/schema.org\/CreativeWork\" ><a href=\"https:\/\/www.paideiamusical.com.br\/?portfolio=saxofone\" title='Saxofone'  data-rel='grid-1' class='grid-image avia-hover-fx'> <img decoding=\"async\" fetchpriority=\"high\" width=\"260\" height=\"185\" src=\"https:\/\/www.paideiamusical.com.br\/wp-content\/uploads\/2014\/02\/10_SAX-260x185.png\" class=\"wp-image-10442 avia-img-lazy-loading-not-10442 attachment-portfolio_small size-portfolio_small wp-post-image\" alt=\"\" \/><\/a><div class='grid-content'><div class='avia-arrow'><\/div><header class=\"entry-content-header\" aria-label=\"Portfolio: Saxofone\"><h3 class='grid-entry-title entry-title '  itemprop=\"headline\" ><a href='https:\/\/www.paideiamusical.com.br\/?portfolio=saxofone' title='Saxofone'>Saxofone<\/a><\/h3><\/header><\/div><footer class=\"entry-footer\"><\/footer><\/article><\/div><div data-ajax-id='10417' class=' grid-entry flex_column isotope-item all_sort no_margin post-entry post-entry-10417 grid-entry-overview grid-loop-13 grid-parity-odd  curso_sort grupos_sort tempo-certo-2_sort vocal_sort  av_one_fourth first default_av_fullwidth '><article class='main_color inner-entry'  itemscope=\"itemscope\" itemtype=\"https:\/\/schema.org\/CreativeWork\" ><a href=\"https:\/\/www.paideiamusical.com.br\/?portfolio=tempo-certo\" title='Tempo Certo'  data-rel='grid-1' class='grid-image avia-hover-fx'> <img decoding=\"async\" fetchpriority=\"high\" width=\"260\" height=\"185\" src=\"https:\/\/www.paideiamusical.com.br\/wp-content\/uploads\/2014\/02\/16_TEMPO-CERTO-260x185.png\" class=\"wp-image-10448 avia-img-lazy-loading-not-10448 attachment-portfolio_small size-portfolio_small wp-post-image\" alt=\"\" \/><\/a><div class='grid-content'><div class='avia-arrow'><\/div><header class=\"entry-content-header\" aria-label=\"Portfolio: Tempo Certo\"><h3 class='grid-entry-title entry-title '  itemprop=\"headline\" ><a href='https:\/\/www.paideiamusical.com.br\/?portfolio=tempo-certo' title='Tempo Certo'>Tempo Certo<\/a><\/h3><\/header><\/div><footer class=\"entry-footer\"><\/footer><\/article><\/div><div data-ajax-id='10474' class=' grid-entry flex_column isotope-item all_sort no_margin post-entry post-entry-10474 grid-entry-overview grid-loop-14 grid-parity-even  cordas_sort curso_sort instrumento_sort  av_one_fourth  default_av_fullwidth '><article class='main_color inner-entry'  itemscope=\"itemscope\" itemtype=\"https:\/\/schema.org\/CreativeWork\" ><a href=\"https:\/\/www.paideiamusical.com.br\/?portfolio=ukulele\" title='Ukulele'  data-rel='grid-1' class='grid-image avia-hover-fx'> <img decoding=\"async\" fetchpriority=\"high\" width=\"260\" height=\"185\" src=\"https:\/\/www.paideiamusical.com.br\/wp-content\/uploads\/2014\/02\/11_UKULELE-260x185.png\" class=\"wp-image-10443 avia-img-lazy-loading-not-10443 attachment-portfolio_small size-portfolio_small wp-post-image\" alt=\"\" \/><\/a><div class='grid-content'><div class='avia-arrow'><\/div><header class=\"entry-content-header\" aria-label=\"Portfolio: Ukulele\"><h3 class='grid-entry-title entry-title '  itemprop=\"headline\" ><a href='https:\/\/www.paideiamusical.com.br\/?portfolio=ukulele' title='Ukulele'>Ukulele<\/a><\/h3><\/header><\/div><footer class=\"entry-footer\"><\/footer><\/article><\/div><div data-ajax-id='42' class=' grid-entry flex_column isotope-item all_sort no_margin post-entry post-entry-42 grid-entry-overview grid-loop-15 grid-parity-odd  cordas_sort curso_sort instrumento_sort  av_one_fourth  default_av_fullwidth '><article class='main_color inner-entry'  itemscope=\"itemscope\" itemtype=\"https:\/\/schema.org\/CreativeWork\" ><a href=\"https:\/\/www.paideiamusical.com.br\/?portfolio=violao\" title='Viol\u00e3o'  data-rel='grid-1' class='grid-image avia-hover-fx'> <img decoding=\"async\" fetchpriority=\"high\" width=\"260\" height=\"185\" src=\"https:\/\/www.paideiamusical.com.br\/wp-content\/uploads\/2014\/02\/04_VIOL\u00e2O-260x185.png\" class=\"wp-image-10436 avia-img-lazy-loading-not-10436 attachment-portfolio_small size-portfolio_small wp-post-image\" alt=\"\" \/><\/a><div class='grid-content'><div class='avia-arrow'><\/div><header class=\"entry-content-header\" aria-label=\"Portfolio: Viol\u00e3o\"><h3 class='grid-entry-title entry-title '  itemprop=\"headline\" ><a href='https:\/\/www.paideiamusical.com.br\/?portfolio=violao' title='Viol\u00e3o'>Viol\u00e3o<\/a><\/h3><\/header><\/div><footer class=\"entry-footer\"><\/footer><\/article><\/div><div data-ajax-id='63' class=' grid-entry flex_column isotope-item all_sort no_margin post-entry post-entry-63 grid-entry-overview grid-loop-16 grid-parity-even  cordas_sort curso_sort instrumento_sort  av_one_fourth  default_av_fullwidth '><article class='main_color inner-entry'  itemscope=\"itemscope\" itemtype=\"https:\/\/schema.org\/CreativeWork\" ><a href=\"https:\/\/www.paideiamusical.com.br\/?portfolio=violino\" title='Violino'  data-rel='grid-1' class='grid-image avia-hover-fx'> <img decoding=\"async\" fetchpriority=\"high\" width=\"260\" height=\"185\" src=\"https:\/\/www.paideiamusical.com.br\/wp-content\/uploads\/2014\/02\/05_VIOLINO-260x185.png\" class=\"wp-image-10437 avia-img-lazy-loading-not-10437 attachment-portfolio_small size-portfolio_small wp-post-image\" alt=\"\" \/><\/a><div class='grid-content'><div class='avia-arrow'><\/div><header class=\"entry-content-header\" aria-label=\"Portfolio: Violino\"><h3 class='grid-entry-title entry-title '  itemprop=\"headline\" ><a href='https:\/\/www.paideiamusical.com.br\/?portfolio=violino' title='Violino'>Violino<\/a><\/h3><\/header><\/div><footer class=\"entry-footer\"><\/footer><\/article><\/div><div data-ajax-id='57' class=' grid-entry flex_column isotope-item all_sort no_margin post-entry post-entry-57 grid-entry-overview grid-loop-17 grid-parity-odd  post-entry-last  cordas_sort curso_sort instrumento_sort  av_one_fourth first default_av_fullwidth '><article class='main_color inner-entry'  itemscope=\"itemscope\" itemtype=\"https:\/\/schema.org\/CreativeWork\" ><a href=\"https:\/\/www.paideiamusical.com.br\/?portfolio=violoncelo\" title='Violoncelo'  data-rel='grid-1' class='grid-image avia-hover-fx'> <img decoding=\"async\" fetchpriority=\"high\" width=\"260\" height=\"185\" src=\"https:\/\/www.paideiamusical.com.br\/wp-content\/uploads\/2014\/02\/02_CELLO-260x185.png\" class=\"wp-image-10434 avia-img-lazy-loading-not-10434 attachment-portfolio_small size-portfolio_small wp-post-image\" alt=\"\" \/><\/a><div class='grid-content'><div class='avia-arrow'><\/div><header class=\"entry-content-header\" aria-label=\"Portfolio: Violoncelo\"><h3 class='grid-entry-title entry-title '  itemprop=\"headline\" ><a href='https:\/\/www.paideiamusical.com.br\/?portfolio=violoncelo' title='Violoncelo'>Violoncelo<\/a><\/h3><\/header><\/div><footer class=\"entry-footer\"><\/footer><\/article><\/div><\/div><\/div>   <!--   class=\"av-portfolio-grid-sorting-container\"  -->\n\n<style type=\"text\/css\" data-created_by=\"avia_inline_auto\" id=\"style-css-av-nz03-4899df73cb0aee2fee4f36afd18465c6\">\n.avia-section.av-nz03-4899df73cb0aee2fee4f36afd18465c6{\nbackground-color:#dd9933;\nbackground-image:unset;\n}\n<\/style>\n<div id='av_section_1'  class='avia-section av-nz03-4899df73cb0aee2fee4f36afd18465c6 main_color avia-section-default avia-no-shadow  avia-builder-el-4  el_after_av_portfolio  avia-builder-el-last  avia-bg-style-scroll container_wrap fullsize'  ><div class='container av-section-cont-open' ><div class='template-page content  av-content-full alpha units'><div class='post-entry post-entry-type-page post-entry-51'><div class='entry-content-wrapper clearfix'>\n","protected":false},"excerpt":{"rendered":"","protected":false},"author":1,"featured_media":0,"parent":0,"menu_order":0,"comment_status":"closed","ping_status":"open","template":"","meta":{"footnotes":""},"class_list":["post-51","page","type-page","status-publish","hentry"],"_links":{"self":[{"href":"https:\/\/www.paideiamusical.com.br\/index.php?rest_route=\/wp\/v2\/pages\/51","targetHints":{"allow":["GET"]}}],"collection":[{"href":"https:\/\/www.paideiamusical.com.br\/index.php?rest_route=\/wp\/v2\/pages"}],"about":[{"href":"https:\/\/www.paideiamusical.com.br\/index.php?rest_route=\/wp\/v2\/types\/page"}],"author":[{"embeddable":true,"href":"https:\/\/www.paideiamusical.com.br\/index.php?rest_route=\/wp\/v2\/users\/1"}],"replies":[{"embeddable":true,"href":"https:\/\/www.paideiamusical.com.br\/index.php?rest_route=%2Fwp%2Fv2%2Fcomments&post=51"}],"version-history":[{"count":28,"href":"https:\/\/www.paideiamusical.com.br\/index.php?rest_route=\/wp\/v2\/pages\/51\/revisions"}],"predecessor-version":[{"id":10428,"href":"https:\/\/www.paideiamusical.com.br\/index.php?rest_route=\/wp\/v2\/pages\/51\/revisions\/10428"}],"wp:attachment":[{"href":"https:\/\/www.paideiamusical.com.br\/index.php?rest_route=%2Fwp%2Fv2%2Fmedia&parent=51"}],"curies":[{"name":"wp","href":"https:\/\/api.w.org\/{rel}","templated":true}]}}